{"id":34080,"date":"2026-04-13T06:34:51","date_gmt":"2026-04-13T06:34:51","guid":{"rendered":"https:\/\/kapusprendimai.lt\/?post_type=product&#038;p=34080"},"modified":"2026-04-13T06:40:03","modified_gmt":"2026-04-13T06:40:03","slug":"turbo-segmentinis-pjovimo-diskas","status":"publish","type":"product","link":"https:\/\/kapusprendimai.lt\/index.php\/product\/turbo-segmentinis-pjovimo-diskas\/","title":{"rendered":"Turbo segmentinis pjovimo diskas"},"content":{"rendered":"<p>Tai universalus \u012frankis, skirtas greitam ir tiksliam sausam ar \u0161lapiam kiet\u0173 med\u017eiag\u0173 (betono, akmens, plyteli\u0173) pjovimui<\/p>\n","protected":false},"excerpt":{"rendered":"<p>Turbo segmentinis pjovimo deimantinis diskas, sujungiantis segmentinio disko pjovimo greit\u012f su &#8222;turbo&#8221; formos briauna, skirta geresniam au\u0161inimui ir \u0161varesniam pj\u016bviui.<\/p>\n","protected":false},"featured_media":34083,"template":"","meta":[],"product_brand":[],"product_cat":[80],"product_tag":[],"class_list":{"0":"post-34080","1":"product","2":"type-product","3":"status-publish","4":"has-post-thumbnail","6":"product_cat-akmens-apdirbimo-irankiai","8":"first","9":"instock","10":"shipping-taxable","11":"purchasable","12":"product-type-variable"},"_links":{"self":[{"href":"https:\/\/kapusprendimai.lt\/index.php\/wp-json\/wp\/v2\/product\/34080","targetHints":{"allow":["GET"]}}],"collection":[{"href":"https:\/\/kapusprendimai.lt\/index.php\/wp-json\/wp\/v2\/product"}],"about":[{"href":"https:\/\/kapusprendimai.lt\/index.php\/wp-json\/wp\/v2\/types\/product"}],"wp:featuredmedia":[{"embeddable":true,"href":"https:\/\/kapusprendimai.lt\/index.php\/wp-json\/wp\/v2\/media\/34083"}],"wp:attachment":[{"href":"https:\/\/kapusprendimai.lt\/index.php\/wp-json\/wp\/v2\/media?parent=34080"}],"wp:term":[{"taxonomy":"product_brand","embeddable":true,"href":"https:\/\/kapusprendimai.lt\/index.php\/wp-json\/wp\/v2\/product_brand?post=34080"},{"taxonomy":"product_cat","embeddable":true,"href":"https:\/\/kapusprendimai.lt\/index.php\/wp-json\/wp\/v2\/product_cat?post=34080"},{"taxonomy":"product_tag","embeddable":true,"href":"https:\/\/kapusprendimai.lt\/index.php\/wp-json\/wp\/v2\/product_tag?post=34080"}],"curies":[{"name":"wp","href":"https:\/\/api.w.org\/{rel}","templated":true}]}}