{"id":33259,"date":"2025-08-18T12:49:05","date_gmt":"2025-08-18T12:49:05","guid":{"rendered":"https:\/\/kapusprendimai.lt\/?post_type=product&#038;p=33259"},"modified":"2026-04-10T10:23:22","modified_gmt":"2026-04-10T10:23:22","slug":"grezimo-karuna","status":"publish","type":"product","link":"https:\/\/kapusprendimai.lt\/index.php\/product\/grezimo-karuna\/","title":{"rendered":"Gr\u0119\u017eimo kar\u016bna"},"content":{"rendered":"<div class=\"wpb-content-wrapper\"><p>[vc_row][vc_column][vc_column_text css=&#8221;&#8221;]<\/p>\n<p data-start=\"59\" data-end=\"223\">Turime \u012fvairi\u0173 skersmen\u0173, pritaikyt\u0173 skirtingiems darbams.<\/p>\n<p>[\/vc_column_text][\/vc_column][\/vc_row]<\/p>\n<\/div>","protected":false},"excerpt":{"rendered":"<p>Specialus \u012frankis, skirtas tikslioms skyl\u0117ms akmenyje, betone ar keramikoje i\u0161gr\u0119\u017eti. U\u017etikrina \u0161var\u0173 pj\u016bv\u012f, tikslum\u0105 ir ilgaam\u017e\u012f darb\u0105<\/p>\n","protected":false},"featured_media":33261,"template":"","meta":[],"product_brand":[],"product_cat":[80],"product_tag":[],"class_list":{"0":"post-33259","1":"product","2":"type-product","3":"status-publish","4":"has-post-thumbnail","6":"product_cat-akmens-apdirbimo-irankiai","8":"first","9":"instock","10":"shipping-taxable","11":"purchasable","12":"product-type-variable"},"_links":{"self":[{"href":"https:\/\/kapusprendimai.lt\/index.php\/wp-json\/wp\/v2\/product\/33259","targetHints":{"allow":["GET"]}}],"collection":[{"href":"https:\/\/kapusprendimai.lt\/index.php\/wp-json\/wp\/v2\/product"}],"about":[{"href":"https:\/\/kapusprendimai.lt\/index.php\/wp-json\/wp\/v2\/types\/product"}],"wp:featuredmedia":[{"embeddable":true,"href":"https:\/\/kapusprendimai.lt\/index.php\/wp-json\/wp\/v2\/media\/33261"}],"wp:attachment":[{"href":"https:\/\/kapusprendimai.lt\/index.php\/wp-json\/wp\/v2\/media?parent=33259"}],"wp:term":[{"taxonomy":"product_brand","embeddable":true,"href":"https:\/\/kapusprendimai.lt\/index.php\/wp-json\/wp\/v2\/product_brand?post=33259"},{"taxonomy":"product_cat","embeddable":true,"href":"https:\/\/kapusprendimai.lt\/index.php\/wp-json\/wp\/v2\/product_cat?post=33259"},{"taxonomy":"product_tag","embeddable":true,"href":"https:\/\/kapusprendimai.lt\/index.php\/wp-json\/wp\/v2\/product_tag?post=33259"}],"curies":[{"name":"wp","href":"https:\/\/api.w.org\/{rel}","templated":true}]}}