{"id":33013,"date":"2025-05-16T08:40:23","date_gmt":"2025-05-16T08:40:23","guid":{"rendered":"https:\/\/kapusprendimai.lt\/?post_type=product&#038;p=33013"},"modified":"2026-04-16T11:27:05","modified_gmt":"2026-04-16T11:27:05","slug":"poliravimo-diskas","status":"publish","type":"product","link":"https:\/\/kapusprendimai.lt\/index.php\/product\/poliravimo-diskas\/","title":{"rendered":"Poliravimo padas"},"content":{"rendered":"<div class=\"wpb-content-wrapper\"><p>[vc_row][vc_column][vc_column_text css=&#8221;&#8221;]Idealiai tinka kapavie\u010di\u0173 apdailai, stalvir\u0161iams, plok\u0161t\u0117ms ir kitiems granito gaminiams.[\/vc_column_text][\/vc_column][\/vc_row]<\/p>\n<\/div>","protected":false},"excerpt":{"rendered":"<p>Sauso poliravimo diskas, skirtas akmens pavir\u0161i\u0173 \u0161lifavimui ir poliravimui. Skersmuo 4\u201d<\/p>\n","protected":false},"featured_media":34174,"template":"","meta":[],"product_brand":[],"product_cat":[80],"product_tag":[],"class_list":{"0":"post-33013","1":"product","2":"type-product","3":"status-publish","4":"has-post-thumbnail","6":"product_cat-akmens-apdirbimo-irankiai","8":"first","9":"instock","10":"shipping-taxable","11":"purchasable","12":"product-type-variable"},"_links":{"self":[{"href":"https:\/\/kapusprendimai.lt\/index.php\/wp-json\/wp\/v2\/product\/33013","targetHints":{"allow":["GET"]}}],"collection":[{"href":"https:\/\/kapusprendimai.lt\/index.php\/wp-json\/wp\/v2\/product"}],"about":[{"href":"https:\/\/kapusprendimai.lt\/index.php\/wp-json\/wp\/v2\/types\/product"}],"wp:featuredmedia":[{"embeddable":true,"href":"https:\/\/kapusprendimai.lt\/index.php\/wp-json\/wp\/v2\/media\/34174"}],"wp:attachment":[{"href":"https:\/\/kapusprendimai.lt\/index.php\/wp-json\/wp\/v2\/media?parent=33013"}],"wp:term":[{"taxonomy":"product_brand","embeddable":true,"href":"https:\/\/kapusprendimai.lt\/index.php\/wp-json\/wp\/v2\/product_brand?post=33013"},{"taxonomy":"product_cat","embeddable":true,"href":"https:\/\/kapusprendimai.lt\/index.php\/wp-json\/wp\/v2\/product_cat?post=33013"},{"taxonomy":"product_tag","embeddable":true,"href":"https:\/\/kapusprendimai.lt\/index.php\/wp-json\/wp\/v2\/product_tag?post=33013"}],"curies":[{"name":"wp","href":"https:\/\/api.w.org\/{rel}","templated":true}]}}