{"id":32957,"date":"2025-05-15T06:59:13","date_gmt":"2025-05-15T06:59:13","guid":{"rendered":"https:\/\/kapusprendimai.lt\/?post_type=product&#038;p=32957"},"modified":"2026-04-14T08:15:57","modified_gmt":"2026-04-14T08:15:57","slug":"v-formos-apsauginis-pjovimo-diskas-granitui","status":"publish","type":"product","link":"https:\/\/kapusprendimai.lt\/index.php\/product\/v-formos-apsauginis-pjovimo-diskas-granitui\/","title":{"rendered":"V formos apsauginis pjovimo diskas granitui"},"content":{"rendered":"<div class=\"wpb-content-wrapper\"><p>[vc_row][vc_column][vc_column_text css=&#8221;&#8221;]Patikimas \u012frankis tiksliam ir \u0161variam pjovimui net sud\u0117tingose vietose.[\/vc_column_text][\/vc_column][\/vc_row]<\/p>\n<\/div>","protected":false},"excerpt":{"rendered":"<p>Auk\u0161tos kokyb\u0117s V formos segmentais suprojektuotas pjovimo diskas, skirtas greitam, tiksliam ir saugiam granito pjovimui.<\/p>\n","protected":false},"featured_media":32958,"template":"","meta":[],"product_brand":[],"product_cat":[80],"product_tag":[],"class_list":{"0":"post-32957","1":"product","2":"type-product","3":"status-publish","4":"has-post-thumbnail","6":"product_cat-akmens-apdirbimo-irankiai","8":"first","9":"instock","10":"featured","11":"shipping-taxable","12":"purchasable","13":"product-type-variable"},"_links":{"self":[{"href":"https:\/\/kapusprendimai.lt\/index.php\/wp-json\/wp\/v2\/product\/32957","targetHints":{"allow":["GET"]}}],"collection":[{"href":"https:\/\/kapusprendimai.lt\/index.php\/wp-json\/wp\/v2\/product"}],"about":[{"href":"https:\/\/kapusprendimai.lt\/index.php\/wp-json\/wp\/v2\/types\/product"}],"wp:featuredmedia":[{"embeddable":true,"href":"https:\/\/kapusprendimai.lt\/index.php\/wp-json\/wp\/v2\/media\/32958"}],"wp:attachment":[{"href":"https:\/\/kapusprendimai.lt\/index.php\/wp-json\/wp\/v2\/media?parent=32957"}],"wp:term":[{"taxonomy":"product_brand","embeddable":true,"href":"https:\/\/kapusprendimai.lt\/index.php\/wp-json\/wp\/v2\/product_brand?post=32957"},{"taxonomy":"product_cat","embeddable":true,"href":"https:\/\/kapusprendimai.lt\/index.php\/wp-json\/wp\/v2\/product_cat?post=32957"},{"taxonomy":"product_tag","embeddable":true,"href":"https:\/\/kapusprendimai.lt\/index.php\/wp-json\/wp\/v2\/product_tag?post=32957"}],"curies":[{"name":"wp","href":"https:\/\/api.w.org\/{rel}","templated":true}]}}