{"id":32902,"date":"2025-05-08T06:37:50","date_gmt":"2025-05-08T06:37:50","guid":{"rendered":"https:\/\/kapusprendimai.lt\/?post_type=product&#038;p=32902"},"modified":"2025-05-15T07:12:57","modified_gmt":"2025-05-15T07:12:57","slug":"bronzinis-kryzelis-su-mukele","status":"publish","type":"product","link":"https:\/\/kapusprendimai.lt\/index.php\/product\/bronzinis-kryzelis-su-mukele\/","title":{"rendered":"Kry\u017eelis su m\u016bkele"},"content":{"rendered":"<div class=\"wpb-content-wrapper\"><p>[vc_row][vc_column][vc_column_text css=&#8221;&#8221;]<\/p>\n<ul>\n<li class=\"\" data-start=\"465\" data-end=\"485\">\n<p class=\"\" data-start=\"467\" data-end=\"485\">Med\u017eiaga: bronza<\/p>\n<\/li>\n<li class=\"\" data-start=\"486\" data-end=\"516\">\n<p class=\"\" data-start=\"488\" data-end=\"516\">Spalva: bronzin\u0117 \/ auksin\u0117<\/p>\n<\/li>\n<li class=\"\" data-start=\"598\" data-end=\"626\">\n<p class=\"\" data-start=\"600\" data-end=\"626\">Tinka paminkl\u0173 dekoravimui<\/p>\n<\/li>\n<\/ul>\n<p>[\/vc_column_text][\/vc_column][\/vc_row]<\/p>\n<\/div>","protected":false},"excerpt":{"rendered":"<p>Kry\u017eelis su J\u0117zaus Kristaus fig\u016bra, skirtas kapavie\u010di\u0173 puo\u0161ybai. Klasikinis dizainas, subtilios formos ir i\u0161rai\u0161kingas reljefas. Pagamintas i\u0161 ilgaam\u017e\u0117s bronzos, atsparus lietui, saulei ir \u0161al\u010diui. Kry\u017eelis su m\u016bkele \u2013 patogiam ir tvirtam montavimui \u012f paminklo ar antkapio akmen\u012f. 20 cm auk\u0161\u010dio<\/p>\n","protected":false},"featured_media":32903,"template":"","meta":[],"product_brand":[],"product_cat":[91,76],"product_tag":[],"class_list":{"0":"post-32902","1":"product","2":"type-product","3":"status-publish","4":"has-post-thumbnail","6":"product_cat-bronza","7":"product_cat-dekoracijos-kapams","9":"first","10":"instock","11":"featured","12":"shipping-taxable","13":"purchasable","14":"product-type-simple"},"_links":{"self":[{"href":"https:\/\/kapusprendimai.lt\/index.php\/wp-json\/wp\/v2\/product\/32902","targetHints":{"allow":["GET"]}}],"collection":[{"href":"https:\/\/kapusprendimai.lt\/index.php\/wp-json\/wp\/v2\/product"}],"about":[{"href":"https:\/\/kapusprendimai.lt\/index.php\/wp-json\/wp\/v2\/types\/product"}],"wp:featuredmedia":[{"embeddable":true,"href":"https:\/\/kapusprendimai.lt\/index.php\/wp-json\/wp\/v2\/media\/32903"}],"wp:attachment":[{"href":"https:\/\/kapusprendimai.lt\/index.php\/wp-json\/wp\/v2\/media?parent=32902"}],"wp:term":[{"taxonomy":"product_brand","embeddable":true,"href":"https:\/\/kapusprendimai.lt\/index.php\/wp-json\/wp\/v2\/product_brand?post=32902"},{"taxonomy":"product_cat","embeddable":true,"href":"https:\/\/kapusprendimai.lt\/index.php\/wp-json\/wp\/v2\/product_cat?post=32902"},{"taxonomy":"product_tag","embeddable":true,"href":"https:\/\/kapusprendimai.lt\/index.php\/wp-json\/wp\/v2\/product_tag?post=32902"}],"curies":[{"name":"wp","href":"https:\/\/api.w.org\/{rel}","templated":true}]}}