{"id":32876,"date":"2025-05-07T06:09:49","date_gmt":"2025-05-07T06:09:49","guid":{"rendered":"https:\/\/kapusprendimai.lt\/?post_type=product&#038;p=32876"},"modified":"2026-04-01T06:34:34","modified_gmt":"2026-04-01T06:34:34","slug":"akmens-mases-vazonas-o32-cm-nr-40","status":"publish","type":"product","link":"https:\/\/kapusprendimai.lt\/index.php\/product\/akmens-mases-vazonas-o32-cm-nr-40\/","title":{"rendered":"Akmens mas\u0117s vazonas, \u00d832 cm"},"content":{"rendered":"<div class=\"wpb-content-wrapper\"><p>[vc_row][vc_column][vc_column_text css=&#8221;&#8221;]<strong data-start=\"366\" data-end=\"378\">Skersmuo<\/strong>: 32 cm<br data-start=\"385\" data-end=\"388\" \/><strong data-start=\"391\" data-end=\"401\">Spalva<\/strong>: Sodriai juoda su blizgiu pavir\u0161iumi<br data-start=\"438\" data-end=\"441\" \/><strong data-start=\"444\" data-end=\"456\">Med\u017eiaga<\/strong>: Akmens mas\u0117 \u2013 atspari \u0161al\u010diui, dr\u0117gmei, UV spinduliams[\/vc_column_text][\/vc_column][\/vc_row]<\/p>\n<\/div>","protected":false},"excerpt":{"rendered":"<p>\u0160is i\u0161skirtinio dizaino vazonas pagamintas i\u0161 itin tvirtos akmens mas\u0117s, kuri u\u017etikrina atsparum\u0105 visoms oro s\u0105lygoms. Glotnus, blizgus pavir\u0161ius ir subtilios i\u0161gaubtos formos suteikia kapavietei elegancijos.<\/p>\n","protected":false},"featured_media":32877,"template":"","meta":[],"product_brand":[],"product_cat":[76,90],"product_tag":[],"class_list":{"0":"post-32876","1":"product","2":"type-product","3":"status-publish","4":"has-post-thumbnail","6":"product_cat-dekoracijos-kapams","7":"product_cat-vazos-ir-zvakides","9":"first","10":"outofstock","11":"featured","12":"shipping-taxable","13":"purchasable","14":"product-type-simple"},"_links":{"self":[{"href":"https:\/\/kapusprendimai.lt\/index.php\/wp-json\/wp\/v2\/product\/32876","targetHints":{"allow":["GET"]}}],"collection":[{"href":"https:\/\/kapusprendimai.lt\/index.php\/wp-json\/wp\/v2\/product"}],"about":[{"href":"https:\/\/kapusprendimai.lt\/index.php\/wp-json\/wp\/v2\/types\/product"}],"wp:featuredmedia":[{"embeddable":true,"href":"https:\/\/kapusprendimai.lt\/index.php\/wp-json\/wp\/v2\/media\/32877"}],"wp:attachment":[{"href":"https:\/\/kapusprendimai.lt\/index.php\/wp-json\/wp\/v2\/media?parent=32876"}],"wp:term":[{"taxonomy":"product_brand","embeddable":true,"href":"https:\/\/kapusprendimai.lt\/index.php\/wp-json\/wp\/v2\/product_brand?post=32876"},{"taxonomy":"product_cat","embeddable":true,"href":"https:\/\/kapusprendimai.lt\/index.php\/wp-json\/wp\/v2\/product_cat?post=32876"},{"taxonomy":"product_tag","embeddable":true,"href":"https:\/\/kapusprendimai.lt\/index.php\/wp-json\/wp\/v2\/product_tag?post=32876"}],"curies":[{"name":"wp","href":"https:\/\/api.w.org\/{rel}","templated":true}]}}