{"id":32859,"date":"2025-05-05T12:02:45","date_gmt":"2025-05-05T12:02:45","guid":{"rendered":"https:\/\/kapusprendimai.lt\/?post_type=product&#038;p=32859"},"modified":"2026-04-01T06:36:38","modified_gmt":"2026-04-01T06:36:38","slug":"grezimo-karunos-antgalis-ld-1","status":"publish","type":"product","link":"https:\/\/kapusprendimai.lt\/index.php\/product\/grezimo-karunos-antgalis-ld-1\/","title":{"rendered":"Gr\u0119\u017eimo kar\u016bnos antgalis"},"content":{"rendered":"<div class=\"wpb-content-wrapper\"><p>[vc_row][vc_column][vc_column_text css=&#8221;&#8221;]Puikus pasirinkimas akmens apdirbimo darbams bei kitiems granito gr\u0119\u017eimo poreikiams.[\/vc_column_text][\/vc_column][\/vc_row]<\/p>\n<\/div>","protected":false},"excerpt":{"rendered":"<p>Auk\u0161tos kokyb\u0117s sriegin\u0117 g\u0119\u017eimo kar\u016bna, skirta tiksliam ir greitam granitini\u0173 bei kit\u0173 kiet\u0173 akmens pavir\u0161i\u0173 gr\u0119\u017eimui. \u230020x3Wx20Txx45LM12<\/p>\n","protected":false},"featured_media":32860,"template":"","meta":[],"product_brand":[],"product_cat":[80],"product_tag":[],"class_list":{"0":"post-32859","1":"product","2":"type-product","3":"status-publish","4":"has-post-thumbnail","6":"product_cat-akmens-apdirbimo-irankiai","8":"first","9":"instock","10":"shipping-taxable","11":"purchasable","12":"product-type-simple"},"_links":{"self":[{"href":"https:\/\/kapusprendimai.lt\/index.php\/wp-json\/wp\/v2\/product\/32859","targetHints":{"allow":["GET"]}}],"collection":[{"href":"https:\/\/kapusprendimai.lt\/index.php\/wp-json\/wp\/v2\/product"}],"about":[{"href":"https:\/\/kapusprendimai.lt\/index.php\/wp-json\/wp\/v2\/types\/product"}],"wp:featuredmedia":[{"embeddable":true,"href":"https:\/\/kapusprendimai.lt\/index.php\/wp-json\/wp\/v2\/media\/32860"}],"wp:attachment":[{"href":"https:\/\/kapusprendimai.lt\/index.php\/wp-json\/wp\/v2\/media?parent=32859"}],"wp:term":[{"taxonomy":"product_brand","embeddable":true,"href":"https:\/\/kapusprendimai.lt\/index.php\/wp-json\/wp\/v2\/product_brand?post=32859"},{"taxonomy":"product_cat","embeddable":true,"href":"https:\/\/kapusprendimai.lt\/index.php\/wp-json\/wp\/v2\/product_cat?post=32859"},{"taxonomy":"product_tag","embeddable":true,"href":"https:\/\/kapusprendimai.lt\/index.php\/wp-json\/wp\/v2\/product_tag?post=32859"}],"curies":[{"name":"wp","href":"https:\/\/api.w.org\/{rel}","templated":true}]}}