{"id":32833,"date":"2025-04-30T12:34:40","date_gmt":"2025-04-30T12:34:40","guid":{"rendered":"https:\/\/kapusprendimai.lt\/?post_type=product&#038;p=32833"},"modified":"2026-04-01T09:20:28","modified_gmt":"2026-04-01T09:20:28","slug":"akmens-mases-vaza-nr-28","status":"publish","type":"product","link":"https:\/\/kapusprendimai.lt\/index.php\/product\/akmens-mases-vaza-nr-28\/","title":{"rendered":"Akmens mas\u0117s vaza Nr. 28"},"content":{"rendered":"<div class=\"wpb-content-wrapper\"><p>[vc_row][vc_column][vc_column_text css=&#8221;&#8221;]Moderni ir blizgi akmens mas\u0117s vaza \u2013 i\u0161rai\u0161kinga detal\u0117 kiekvienai kapavietei.[\/vc_column_text][\/vc_column][\/vc_row]<\/p>\n<\/div>","protected":false},"excerpt":{"rendered":"<p>I\u0161skirtinio dizaino blizgi akmens mas\u0117s vaza su subtiliu ornamentu \u2013 tai eleganti\u0161kas ir ilgaam\u017eis pasirinkimas kapaviet\u0117s puo\u0161ybai. Vaza atspari \u0161al\u010diui, dr\u0117gmei bei saul\u0117s spinduliams, tod\u0117l i\u0161laikys savo i\u0161vaizd\u0105 daugel\u012f met\u0173. Tinka tiek dirbtin\u0117ms, tiek gyvoms g\u0117l\u0117ms. Auk\u0161tis 29 cm<\/p>\n","protected":false},"featured_media":32836,"template":"","meta":[],"product_brand":[],"product_cat":[76,90],"product_tag":[],"class_list":{"0":"post-32833","1":"product","2":"type-product","3":"status-publish","4":"has-post-thumbnail","6":"product_cat-dekoracijos-kapams","7":"product_cat-vazos-ir-zvakides","9":"first","10":"instock","11":"featured","12":"shipping-taxable","13":"purchasable","14":"product-type-simple"},"_links":{"self":[{"href":"https:\/\/kapusprendimai.lt\/index.php\/wp-json\/wp\/v2\/product\/32833","targetHints":{"allow":["GET"]}}],"collection":[{"href":"https:\/\/kapusprendimai.lt\/index.php\/wp-json\/wp\/v2\/product"}],"about":[{"href":"https:\/\/kapusprendimai.lt\/index.php\/wp-json\/wp\/v2\/types\/product"}],"wp:featuredmedia":[{"embeddable":true,"href":"https:\/\/kapusprendimai.lt\/index.php\/wp-json\/wp\/v2\/media\/32836"}],"wp:attachment":[{"href":"https:\/\/kapusprendimai.lt\/index.php\/wp-json\/wp\/v2\/media?parent=32833"}],"wp:term":[{"taxonomy":"product_brand","embeddable":true,"href":"https:\/\/kapusprendimai.lt\/index.php\/wp-json\/wp\/v2\/product_brand?post=32833"},{"taxonomy":"product_cat","embeddable":true,"href":"https:\/\/kapusprendimai.lt\/index.php\/wp-json\/wp\/v2\/product_cat?post=32833"},{"taxonomy":"product_tag","embeddable":true,"href":"https:\/\/kapusprendimai.lt\/index.php\/wp-json\/wp\/v2\/product_tag?post=32833"}],"curies":[{"name":"wp","href":"https:\/\/api.w.org\/{rel}","templated":true}]}}