{"id":781,"date":"2017-02-09T08:45:13","date_gmt":"2017-02-09T08:45:13","guid":{"rendered":"http:\/\/dummy.xtemos.com\/basel\/vers\/?page_id=781"},"modified":"2026-02-17T14:02:47","modified_gmt":"2026-02-17T14:02:47","slug":"apie-donstone","status":"publish","type":"page","link":"https:\/\/kapusprendimai.lt\/index.php\/apie-donstone\/","title":{"rendered":"Apie Donstone"},"content":{"rendered":"<div class=\"wpb-content-wrapper\"><p>[vc_row full_width=&#8221;stretch_row_content_no_spaces&#8221; content_placement=&#8221;middle&#8221; css=&#8221;.vc_custom_1451486211770{margin-top: -40px !important;margin-bottom: -40px !important;}&#8221;][vc_column offset=&#8221;vc_col-md-6&#8243;][vc_single_image image=&#8221;32558&#8243; img_size=&#8221;600&#215;420&#8243; alignment=&#8221;center&#8221; css=&#8221;.vc_custom_1744290172215{margin-bottom: 0px !important;}&#8221;][\/vc_column][vc_column css=&#8221;.vc_custom_1485009354843{margin-top: 25px !important;margin-bottom: 40px !important;padding-right: 10% !important;padding-left: 10% !important;}&#8221; offset=&#8221;vc_col-md-6&#8243;][vc_column_text css=&#8221;.vc_custom_1771336933321{margin-bottom: 30px !important;}&#8221;]<\/p>\n<p style=\"text-align: center;\"><strong>APIE DONSTONE<\/strong><\/p>\n<p data-pm-slice=\"1 1 []\"><strong>UAB \u201eDonstone\u201c<\/strong>\u00a0\u2013\u00a0<strong>patikimas granito gamini\u0173 tiek\u0117jas, s\u0117kmingai veikiantis jau 30 met\u0173.<\/strong>\u00a0M\u016bs\u0173 sukaupta patirtis ir i\u0161 kartos \u012f kart\u0105 perduodamos akmens apdirbimo \u017einios leid\u017eia u\u017etikrinti auk\u0161\u010diausi\u0105 gamini\u0173 kokyb\u0119 ir patikimum\u0105.<\/p>\n<p>Specializuojam\u0117s kapavie\u010di\u0173 \u012frengimo, atnaujinimo ir granito gamini\u0173 srityje. M\u016bs\u0173 paslaugos apima visk\u0105, ko gali prireikti norint sukurti ar atnaujinti tvarking\u0105 ir ilgaam\u017e\u0119 kapaviet\u0119.<\/p>\n<p><strong>Kod\u0117l verta rinktis mus?<\/strong><br \/>\n\u2714\u00a0<strong>Platus pasirinkimas<\/strong>\u00a0\u2013 \u012fvairi\u0173 spalv\u0173 ir fakt\u016br\u0173 granito plok\u0161t\u0117s, tinkamos bet kokiems projektams.<br \/>\n\u2714\u00a0<strong>Geriausios kainos<\/strong> \u2013 tiesioginis importas i\u0161 gamintoj\u0173 leid\u017eia pasi\u016blyti konkurencing\u0105 kainodar\u0105.<br \/>\n\u2714\u00a0<strong>Auk\u0161\u010diausia kokyb\u0117<\/strong>\u00a0\u2013 ilgaam\u017eiai ir atspar\u016bs aplinkos poveikiui gaminiai.<br \/>\n\u2714 <strong>Profesionali konsultacija<\/strong>\u00a0\u2013 padedame i\u0161sirinkti geriausi\u0105 sprendim\u0105 pagal kliento poreikius.<\/p>\n<p><strong>M\u016bs\u0173 asortimente rasite<\/strong>: akmens plok\u0161tes, skald\u0105 ir akmenukus, akmens apdirbimo \u012frankius, trinkeles, dekoracijas kapams bei kitus elementus.<\/p>\n<p style=\"text-align: center;\"><strong>Pasitik\u0117kite m\u016bs\u0173 patirtimi ir atraskite nat\u016bralaus akmens gro\u017e\u012f kartu su UAB \u201eDonstone\u201c!<\/strong><\/p>\n<p>[\/vc_column_text][vc_column_text css=&#8221;.vc_custom_1742645044365{padding-right: 30px !important;padding-left: 30px !important;}&#8221;][\/vc_column_text][\/vc_column][\/vc_row]<\/p>\n<\/div>","protected":false},"excerpt":{"rendered":"<p>[vc_row full_width=&#8221;stretch_row_content_no_spaces&#8221; content_placement=&#8221;middle&#8221; css=&#8221;.vc_custom_1451486211770{margin-top: -40px !important;margin-bottom: -40px !important;}&#8221;][vc_column offset=&#8221;vc_col-md-6&#8243;][vc_single_image image=&#8221;32558&#8243; img_size=&#8221;600&#215;420&#8243; alignment=&#8221;center&#8221; css=&#8221;.vc_custom_1744290172215{margin-bottom: 0px !important;}&#8221;][\/vc_column][vc_column css=&#8221;.vc_custom_1485009354843{margin-top: 25px !important;margin-bottom: 40px !important;padding-right:<\/p>\n","protected":false},"author":2,"featured_media":0,"parent":0,"menu_order":0,"comment_status":"closed","ping_status":"closed","template":"","meta":{"footnotes":""},"folder":[],"class_list":["post-781","page","type-page","status-publish","hentry"],"_links":{"self":[{"href":"https:\/\/kapusprendimai.lt\/index.php\/wp-json\/wp\/v2\/pages\/781","targetHints":{"allow":["GET"]}}],"collection":[{"href":"https:\/\/kapusprendimai.lt\/index.php\/wp-json\/wp\/v2\/pages"}],"about":[{"href":"https:\/\/kapusprendimai.lt\/index.php\/wp-json\/wp\/v2\/types\/page"}],"author":[{"embeddable":true,"href":"https:\/\/kapusprendimai.lt\/index.php\/wp-json\/wp\/v2\/users\/2"}],"replies":[{"embeddable":true,"href":"https:\/\/kapusprendimai.lt\/index.php\/wp-json\/wp\/v2\/comments?post=781"}],"version-history":[{"count":15,"href":"https:\/\/kapusprendimai.lt\/index.php\/wp-json\/wp\/v2\/pages\/781\/revisions"}],"predecessor-version":[{"id":32601,"href":"https:\/\/kapusprendimai.lt\/index.php\/wp-json\/wp\/v2\/pages\/781\/revisions\/32601"}],"wp:attachment":[{"href":"https:\/\/kapusprendimai.lt\/index.php\/wp-json\/wp\/v2\/media?parent=781"}],"wp:term":[{"taxonomy":"folder","embeddable":true,"href":"https:\/\/kapusprendimai.lt\/index.php\/wp-json\/wp\/v2\/folder?post=781"}],"curies":[{"name":"wp","href":"https:\/\/api.w.org\/{rel}","templated":true}]}}