{"id":33547,"date":"2026-01-16T14:37:26","date_gmt":"2026-01-16T14:37:26","guid":{"rendered":"https:\/\/kapusprendimai.lt\/?page_id=33547"},"modified":"2026-04-14T06:46:23","modified_gmt":"2026-04-14T06:46:23","slug":"dezutes-tipo-kapavietes","status":"publish","type":"page","link":"https:\/\/kapusprendimai.lt\/index.php\/dezutes-tipo-kapavietes\/","title":{"rendered":"D\u0117\u017eut\u0117s tipo kapaviet\u0117s &#8211; darb\u0173 pavyzd\u017eiai"},"content":{"rendered":"<div class=\"wpb-content-wrapper\"><p>[vc_row full_width=&#8221;stretch_row_content&#8221;][vc_column][vc_separator][\/vc_column][\/vc_row][vc_row full_width=&#8221;stretch_row_content&#8221; css=&#8221;.vc_custom_1770025905045{padding-right: 100px !important;padding-left: 100px !important;background-color: #EDEDED !important;}&#8221;][vc_column width=&#8221;1\/2&#8243; offset=&#8221;vc_hidden-sm vc_hidden-xs&#8221;][vc_single_image image=&#8221;33887&#8243; img_size=&#8221;1200&#215;900&#8243; css=&#8221;.vc_custom_1770645881838{margin-top: 50px !important;padding-right: 50px !important;}&#8221;][\/vc_column][vc_column width=&#8221;1\/2&#8243; offset=&#8221;vc_hidden-sm vc_hidden-xs&#8221;][vc_column_text css=&#8221;&#8221;]<\/p>\n<h5><strong>D\u0117\u017eut\u0117s stiliaus kapaviet\u0117 su atminimo lentele.<\/strong><\/h5>\n<p>Tvarkinga ir ilgaam\u017e\u0117 d\u0117\u017eut\u0117s tipo kapaviet\u0117, sukurta siekiant estetikos, ai\u0161kios strukt\u016bros ir lengvos prie\u017ei\u016bros. Sprendimas pritaikytas ilgalaikiam naudojimui, i\u0161laikant solid\u0173 ir ram\u0173 vaizd\u0105.<\/p>\n<ul>\n<li>Granito d\u0117\u017eut\u0117s gamyba ir montavimas<\/li>\n<li>Atminimo lentel\u0117s gamyba ir montavimas<\/li>\n<li>Raid\u017ei\u0173 kalimas<\/li>\n<li>Granito plok\u0161\u010di\u0173 montavimas aplink kapaviet\u0119<\/li>\n<\/ul>\n<p>[\/vc_column_text][vc_column_text css=&#8221;&#8221;]<\/p>\n<h5 style=\"text-align: right;\">Pabaigto darbo kaina: <strong>1700 Eur<\/strong><\/h5>\n<p>[\/vc_column_text][vc_column_text css=&#8221;&#8221;]<\/p>\n<h5>Naudotos med\u017eiagos:<\/h5>\n<p>[\/vc_column_text][vc_row_inner content_placement=&#8221;bottom&#8221;][vc_column_inner width=&#8221;1\/3&#8243;][vc_single_image image=&#8221;33369&#8243; css=&#8221;&#8221; title=&#8221;Viscont White&#8221;][\/vc_column_inner][vc_column_inner width=&#8221;1\/3&#8243;][vc_single_image image=&#8221;32732&#8243; css=&#8221;&#8221; title=&#8221;Warangal-Black&#8221;][\/vc_column_inner][vc_column_inner width=&#8221;1\/3&#8243;][vc_single_image image=&#8221;32730&#8243; css=&#8221;&#8221; title=&#8221;Grey Ukraina&#8221;][\/vc_column_inner][\/vc_row_inner][\/vc_column][\/vc_row][vc_row css=&#8221;.vc_custom_1770025925277{background-color: #EDEDED !important;}&#8221;][vc_column offset=&#8221;vc_hidden-lg vc_hidden-md&#8221;][vc_single_image image=&#8221;33887&#8243; img_size=&#8221;large&#8221; alignment=&#8221;center&#8221; css=&#8221;.vc_custom_1770645896716{margin-bottom: 0px !important;}&#8221;][vc_column_text css=&#8221;&#8221;]<\/p>\n<h3><strong>D\u0117\u017eut\u0117s stiliaus kapaviet\u0117 su atminimo lentele.<\/strong><\/h3>\n<p>Tvarkinga ir ilgaam\u017e\u0117 d\u0117\u017eut\u0117s tipo kapaviet\u0117, sukurta siekiant estetikos, ai\u0161kios strukt\u016bros ir lengvos prie\u017ei\u016bros. Sprendimas pritaikytas ilgalaikiam naudojimui, i\u0161laikant solid\u0173 ir ram\u0173 vaizd\u0105.[\/vc_column_text][vc_toggle title=&#8221;Skaityti Daugiau&#8221; css=&#8221;&#8221;]1. Granito d\u0117\u017eut\u0117s gamyba ir montavimas<\/p>\n<p>2. Atminimo lentel\u0117s gamyba ir montavimas<\/p>\n<p>3. Raid\u017ei\u0173 kalimas<\/p>\n<p>4. Granito plok\u0161\u010di\u0173 montavimas aplink kapaviet\u0119[\/vc_toggle][vc_column_text css=&#8221;&#8221;]<\/p>\n<h5 style=\"text-align: right;\">Pabaigto darbo kaina: <strong>1700 Eur<\/strong><\/h5>\n<p>[\/vc_column_text][vc_column_text css=&#8221;.vc_custom_1769507449711{margin-bottom: 0px !important;}&#8221;]<\/p>\n<h5 style=\"text-align: center;\"><strong>Naudotos med\u017eiagos:<\/strong><\/h5>\n<p>[\/vc_column_text][vc_tta_pageable no_fill_content_area=&#8221;true&#8221; autoplay=&#8221;3&#8243; active_section=&#8221;1&#8243;][vc_tta_section title=&#8221;Section 1&#8243; tab_id=&#8221;1769500953670-1c2b16c9-db39&#8243;][vc_single_image image=&#8221;33369&#8243; alignment=&#8221;center&#8221; css=&#8221;&#8221; title=&#8221;Viscont White&#8221;][\/vc_tta_section][vc_tta_section title=&#8221;Section 2&#8243; tab_id=&#8221;1769500953742-b4c88a3a-1468&#8243;][vc_single_image image=&#8221;32732&#8243; alignment=&#8221;center&#8221; css=&#8221;&#8221; title=&#8221;Warangal-Black&#8221;][\/vc_tta_section][vc_tta_section title=&#8221;Section&#8221; tab_id=&#8221;1769500953807-d52162ac-3d25&#8243;][vc_single_image image=&#8221;32730&#8243; alignment=&#8221;center&#8221; css=&#8221;&#8221; title=&#8221;Grey Ukraina&#8221;][\/vc_tta_section][\/vc_tta_pageable][\/vc_column][\/vc_row][vc_row full_width=&#8221;stretch_row_content&#8221;][vc_column][vc_separator][\/vc_column][\/vc_row][vc_row full_width=&#8221;stretch_row_content&#8221; css=&#8221;.vc_custom_1768572484149{padding-right: 100px !important;padding-left: 100px !important;}&#8221;][vc_column width=&#8221;1\/2&#8243; offset=&#8221;vc_hidden-sm vc_hidden-xs&#8221;][vc_single_image image=&#8221;33888&#8243; img_size=&#8221;1200&#215;900&#8243; css=&#8221;.vc_custom_1770646150582{margin-top: 50px !important;padding-right: 50px !important;}&#8221;][\/vc_column][vc_column width=&#8221;1\/2&#8243; offset=&#8221;vc_hidden-sm vc_hidden-xs&#8221;][vc_column_text css=&#8221;&#8221;]<\/p>\n<h3><strong>D\u0117\u017eut\u0117s stiliaus kapaviet\u0117 su atminimo lentele.<\/strong><\/h3>\n<p>Tvarkinga ir ilgaam\u017e\u0117 d\u0117\u017eut\u0117s tipo kapaviet\u0117, sukurta siekiant estetikos, ai\u0161kios strukt\u016bros ir lengvos prie\u017ei\u016bros. Sprendimas pritaikytas ilgalaikiam naudojimui, i\u0161laikant solid\u0173 ir ram\u0173 vaizd\u0105.<\/p>\n<ul>\n<li>Demontavimo darbai<\/li>\n<li>Atminimo lentel\u0117<\/li>\n<li>Raid\u017ei\u0173 kalimas bei da\u017eymas<\/li>\n<li>Wave White d\u0117\u017eut\u0117<\/li>\n<li>Montavimas<\/li>\n<li>Trinkeli\u0173 klojimas<\/li>\n<\/ul>\n<p>[\/vc_column_text][vc_column_text css=&#8221;&#8221;]<\/p>\n<h5 style=\"text-align: right;\">Pabaigto darbo kaina: <strong>\u00a01760 Eur<\/strong><\/h5>\n<p>[\/vc_column_text][vc_column_text css=&#8221;&#8221;]<\/p>\n<h5>Naudotos med\u017eiagos:<\/h5>\n<p>[\/vc_column_text][vc_row_inner content_placement=&#8221;bottom&#8221;][vc_column_inner width=&#8221;1\/3&#8243;][vc_single_image image=&#8221;33380&#8243; css=&#8221;&#8221; title=&#8221;Sea Wave White&#8221;][\/vc_column_inner][vc_column_inner width=&#8221;1\/3&#8243;][vc_single_image image=&#8221;33369&#8243; css=&#8221;&#8221; title=&#8221;Viscont White&#8221;][\/vc_column_inner][vc_column_inner width=&#8221;1\/3&#8243;][vc_single_image image=&#8221;32732&#8243; css=&#8221;&#8221; title=&#8221;Warangal-Black&#8221;][\/vc_column_inner][\/vc_row_inner][\/vc_column][\/vc_row][vc_row][vc_column offset=&#8221;vc_hidden-lg vc_hidden-md&#8221;][vc_single_image image=&#8221;33888&#8243; img_size=&#8221;large&#8221; alignment=&#8221;center&#8221; css=&#8221;.vc_custom_1770646167007{margin-bottom: 0px !important;}&#8221;][vc_column_text css=&#8221;&#8221;]<\/p>\n<h3><strong>D\u0117\u017eut\u0117s stiliaus kapaviet\u0117 su atminimo lentele.<\/strong><\/h3>\n<p>Tvarkinga ir ilgaam\u017e\u0117 d\u0117\u017eut\u0117s tipo kapaviet\u0117, sukurta siekiant estetikos, ai\u0161kios strukt\u016bros ir lengvos prie\u017ei\u016bros. Sprendimas pritaikytas ilgalaikiam naudojimui, i\u0161laikant solid\u0173 ir ram\u0173 vaizd\u0105.[\/vc_column_text][vc_toggle title=&#8221;Skaityti Daugiau&#8221; css=&#8221;&#8221;]1. Demontavimo darbai<\/p>\n<p>2. Atminimo lentel\u0117<\/p>\n<p>3. Raid\u017ei\u0173 kalimas bei da\u017eymas<\/p>\n<p>4. Wave White d\u0117\u017eut\u0117<\/p>\n<p>5. Montavimas<\/p>\n<p>6. Trinkeli\u0173 klojimas[\/vc_toggle][vc_column_text css=&#8221;&#8221;]<\/p>\n<h5 style=\"text-align: right;\">Pabaigto darbo kaina: <strong>1760 Eur<\/strong><\/h5>\n<p>[\/vc_column_text][vc_column_text css=&#8221;.vc_custom_1769507449711{margin-bottom: 0px !important;}&#8221;]<\/p>\n<h5 style=\"text-align: center;\"><strong>Naudotos med\u017eiagos:<\/strong><\/h5>\n<p>[\/vc_column_text][vc_tta_pageable no_fill_content_area=&#8221;true&#8221; autoplay=&#8221;3&#8243; active_section=&#8221;1&#8243;][vc_tta_section title=&#8221;Section 1&#8243; tab_id=&#8221;1769507596708-3cd9efb7-580d&#8221;][vc_single_image image=&#8221;33369&#8243; alignment=&#8221;center&#8221; css=&#8221;&#8221; title=&#8221;Viscont White&#8221;][\/vc_tta_section][vc_tta_section title=&#8221;Section 2&#8243; tab_id=&#8221;1769507596788-2f884d2f-7400&#8243;][vc_single_image image=&#8221;32732&#8243; alignment=&#8221;center&#8221; css=&#8221;&#8221; title=&#8221;Warangal-Black&#8221;][\/vc_tta_section][vc_tta_section title=&#8221;Section&#8221; tab_id=&#8221;1769507596870-1010af00-d6ad&#8221;][vc_single_image image=&#8221;32730&#8243; alignment=&#8221;center&#8221; css=&#8221;&#8221; title=&#8221;G603 Pilkas&#8221;][\/vc_tta_section][\/vc_tta_pageable][\/vc_column][\/vc_row][vc_row full_width=&#8221;stretch_row_content&#8221;][vc_column][vc_separator][\/vc_column][\/vc_row][vc_row full_width=&#8221;stretch_row_content&#8221; css=&#8221;.vc_custom_1770025939193{padding-right: 100px !important;padding-left: 100px !important;background-color: #EDEDED !important;}&#8221;][vc_column width=&#8221;1\/2&#8243; offset=&#8221;vc_hidden-sm vc_hidden-xs&#8221;][vc_single_image image=&#8221;33889&#8243; img_size=&#8221;1200&#215;900&#8243; css=&#8221;.vc_custom_1770646188597{margin-top: 50px !important;padding-right: 50px !important;}&#8221;][\/vc_column][vc_column width=&#8221;1\/2&#8243; offset=&#8221;vc_hidden-sm vc_hidden-xs&#8221;][vc_column_text css=&#8221;&#8221;]<\/p>\n<h3><strong>D\u0117\u017eut\u0117s stiliaus kapaviet\u0117 su atminimo lentele.<\/strong><\/h3>\n<p>Tvarkinga ir ilgaam\u017e\u0117 d\u0117\u017eut\u0117s tipo kapaviet\u0117, sukurta siekiant estetikos, ai\u0161kios strukt\u016bros ir lengvos prie\u017ei\u016bros. Sprendimas pritaikytas ilgalaikiam naudojimui, i\u0161laikant solid\u0173 ir ram\u0173 vaizd\u0105.<\/p>\n<ul>\n<li>Pamat\u0173 betonavimas<\/li>\n<li>Viscont white Granito d\u0117\u017eut\u0117 gamyba<\/li>\n<li>Montavimas<\/li>\n<\/ul>\n<p>[\/vc_column_text][vc_column_text css=&#8221;&#8221;]<\/p>\n<h5 style=\"text-align: right;\">Pabaigto darbo kaina: <strong> \u00a01576 Eur<\/strong><\/h5>\n<p>[\/vc_column_text][vc_column_text css=&#8221;&#8221;]<\/p>\n<h5>Naudotos med\u017eiagos:<\/h5>\n<p>[\/vc_column_text][vc_row_inner][vc_column_inner width=&#8221;1\/3&#8243;][vc_single_image image=&#8221;33369&#8243; css=&#8221;&#8221; title=&#8221;Viscont white&#8221;][\/vc_column_inner][vc_column_inner width=&#8221;1\/3&#8243;][vc_single_image image=&#8221;34015&#8243; css=&#8221;&#8221; title=&#8221;Steel Grey&#8221;][\/vc_column_inner][vc_column_inner width=&#8221;1\/3&#8243;][\/vc_column_inner][\/vc_row_inner][\/vc_column][\/vc_row][vc_row css=&#8221;.vc_custom_1770025976928{background-color: #EDEDED !important;}&#8221;][vc_column offset=&#8221;vc_hidden-lg vc_hidden-md&#8221;][vc_single_image image=&#8221;33889&#8243; img_size=&#8221;large&#8221; alignment=&#8221;center&#8221; css=&#8221;.vc_custom_1770646209282{margin-bottom: 0px !important;}&#8221;][vc_column_text css=&#8221;&#8221;]<\/p>\n<h3><strong>D\u0117\u017eut\u0117s stiliaus kapaviet\u0117 su atminimo lentele.<\/strong><\/h3>\n<p>Tvarkinga ir ilgaam\u017e\u0117 d\u0117\u017eut\u0117s tipo kapaviet\u0117, sukurta siekiant estetikos, ai\u0161kios strukt\u016bros ir lengvos prie\u017ei\u016bros. Sprendimas pritaikytas ilgalaikiam naudojimui, i\u0161laikant solid\u0173 ir ram\u0173 vaizd\u0105.[\/vc_column_text][vc_toggle title=&#8221;Skaityti Daugiau&#8221; css=&#8221;&#8221;]1. Pamat\u0173 betonavimas<\/p>\n<p>2. G-603 Granito d\u0117\u017eut\u0117<\/p>\n<p>3. Plok\u0161\u010di\u0173 kra\u0161tini\u0173 poliravimas<\/p>\n<p>4. Montavimas[\/vc_toggle][vc_column_text css=&#8221;.vc_custom_1769507449711{margin-bottom: 0px !important;}&#8221;]<\/p>\n<h5 style=\"text-align: center;\"><strong>Naudotos med\u017eiagos:<\/strong><\/h5>\n<p>[\/vc_column_text][vc_tta_pageable no_fill_content_area=&#8221;true&#8221; autoplay=&#8221;3&#8243; active_section=&#8221;1&#8243;][vc_tta_section title=&#8221;Section 1&#8243; tab_id=&#8221;1769511989833-88e77731-f3e9&#8243;][vc_single_image image=&#8221;32734&#8243; css=&#8221;&#8221; title=&#8221;G603 Pilkas&#8221;][\/vc_tta_section][\/vc_tta_pageable][\/vc_column][\/vc_row][vc_row full_width=&#8221;stretch_row_content&#8221;][vc_column][vc_separator][\/vc_column][\/vc_row][vc_row full_width=&#8221;stretch_row_content&#8221; css=&#8221;.vc_custom_1768572484149{padding-right: 100px !important;padding-left: 100px !important;}&#8221;][vc_column width=&#8221;1\/2&#8243; offset=&#8221;vc_hidden-sm vc_hidden-xs&#8221;][vc_single_image image=&#8221;33890&#8243; img_size=&#8221;1200&#215;900&#8243; css=&#8221;.vc_custom_1770646220376{padding-right: 50px !important;}&#8221;][vc_gallery type=&#8221;image_grid&#8221; images=&#8221;33892,33891&#8243; img_size=&#8221;100&#215;100&#8243; css=&#8221;&#8221;][\/vc_column][vc_column width=&#8221;1\/2&#8243; offset=&#8221;vc_hidden-sm vc_hidden-xs&#8221;][vc_column_text css=&#8221;&#8221;]<\/p>\n<h3><strong>D\u0117\u017eut\u0117s stiliaus kapaviet\u0117 su atminimo lentele.<\/strong><\/h3>\n<p>Tvarkinga ir ilgaam\u017e\u0117 d\u0117\u017eut\u0117s tipo kapaviet\u0117, sukurta siekiant estetikos, ai\u0161kios strukt\u016bros ir lengvos prie\u017ei\u016bros. Sprendimas pritaikytas ilgalaikiam naudojimui, i\u0161laikant solid\u0173 ir ram\u0173 vaizd\u0105.<\/p>\n<ul>\n<li>Granito de\u017eut\u0117s ir atminimo lentel\u0117s gamyba<\/li>\n<li>Trinkeli\u0173 klojimas<\/li>\n<li>Montavimas<\/li>\n<\/ul>\n<p>[\/vc_column_text][vc_column_text css=&#8221;&#8221;]<\/p>\n<h5>Naudotos med\u017eiagos:<\/h5>\n<p>[\/vc_column_text][vc_row_inner content_placement=&#8221;bottom&#8221;][vc_column_inner width=&#8221;1\/3&#8243;][vc_single_image image=&#8221;32727&#8243; css=&#8221;&#8221; title=&#8221;Suomi\u0161ka Aurora&#8221;][\/vc_column_inner][vc_column_inner width=&#8221;1\/3&#8243;][vc_single_image image=&#8221;32732&#8243; css=&#8221;&#8221; title=&#8221;Warangal-Black&#8221;][\/vc_column_inner][vc_column_inner width=&#8221;1\/3&#8243;][\/vc_column_inner][\/vc_row_inner][\/vc_column][\/vc_row][vc_row full_width=&#8221;stretch_row_content&#8221; disable_element=&#8221;yes&#8221; css=&#8221;.vc_custom_1770646471846{padding-right: 100px !important;padding-left: 100px !important;}&#8221;][vc_column width=&#8221;1\/2&#8243;][vc_gallery type=&#8221;image_grid&#8221; images=&#8221;33892,33891&#8243; img_size=&#8221;100&#215;100&#8243; css=&#8221;&#8221;][\/vc_column][vc_column width=&#8221;1\/2&#8243;][\/vc_column][\/vc_row][vc_row][vc_column offset=&#8221;vc_hidden-lg vc_hidden-md&#8221;][vc_single_image image=&#8221;33890&#8243; img_size=&#8221;large&#8221; alignment=&#8221;center&#8221; css=&#8221;.vc_custom_1770646234671{margin-bottom: 0px !important;}&#8221;][vc_gallery type=&#8221;image_grid&#8221; images=&#8221;33892,33891&#8243; img_size=&#8221;100&#215;100&#8243; css=&#8221;&#8221;][vc_column_text css=&#8221;&#8221;]<\/p>\n<h3><strong>D\u0117\u017eut\u0117s stiliaus kapaviet\u0117 su atminimo lentele.<\/strong><\/h3>\n<p>Tvarkinga ir ilgaam\u017e\u0117 d\u0117\u017eut\u0117s tipo kapaviet\u0117, sukurta siekiant estetikos, ai\u0161kios strukt\u016bros ir lengvos prie\u017ei\u016bros. Sprendimas pritaikytas ilgalaikiam naudojimui, i\u0161laikant solid\u0173 ir ram\u0173 vaizd\u0105.[\/vc_column_text][vc_toggle title=&#8221;Skaityti Daugiau&#8221; css=&#8221;&#8221;]1. Pamat\u0173 betonavimas<\/p>\n<p>2. Plok\u0161\u010di\u0173 kra\u0161tini\u0173 poliravimas<\/p>\n<p>3. Montavimas[\/vc_toggle][vc_column_text css=&#8221;.vc_custom_1769507449711{margin-bottom: 0px !important;}&#8221;]<\/p>\n<h5 style=\"text-align: center;\"><strong>Naudotos med\u017eiagos:<\/strong><\/h5>\n<p>[\/vc_column_text][vc_tta_pageable no_fill_content_area=&#8221;true&#8221; autoplay=&#8221;3&#8243; active_section=&#8221;1&#8243;][vc_tta_section title=&#8221;Section 1&#8243; tab_id=&#8221;1769513086709-b31f2f13-d4fb&#8221;][vc_single_image image=&#8221;32727&#8243; alignment=&#8221;center&#8221; css=&#8221;&#8221; title=&#8221;Suomi\u0161ka Aurora&#8221;][\/vc_tta_section][vc_tta_section title=&#8221;Section 2&#8243; tab_id=&#8221;1769513086799-6fc795db-d0a7&#8243;][vc_single_image image=&#8221;32732&#8243; alignment=&#8221;center&#8221; css=&#8221;&#8221; title=&#8221;Warangal-Black&#8221;][\/vc_tta_section][\/vc_tta_pageable][\/vc_column][\/vc_row][vc_row full_width=&#8221;stretch_row_content&#8221;][vc_column][vc_separator][\/vc_column][\/vc_row][vc_row full_width=&#8221;stretch_row_content&#8221; css=&#8221;.vc_custom_1770025991524{padding-right: 100px !important;padding-left: 100px !important;background-color: #EDEDED !important;}&#8221;][vc_column width=&#8221;1\/2&#8243;][vc_single_image image=&#8221;33893&#8243; img_size=&#8221;1200&#215;900&#8243; css=&#8221;.vc_custom_1770646505938{padding-right: 50px !important;}&#8221;][\/vc_column][vc_column width=&#8221;1\/2&#8243; offset=&#8221;vc_hidden-sm vc_hidden-xs&#8221;][vc_column_text css=&#8221;&#8221;]<\/p>\n<h3><strong>D\u0117\u017eut\u0117s stiliaus kapaviet\u0117 su atminimo lentele.<\/strong><\/h3>\n<p>Tvarkinga ir ilgaam\u017e\u0117 d\u0117\u017eut\u0117s tipo kapaviet\u0117, sukurta siekiant estetikos, ai\u0161kios strukt\u016bros ir lengvos prie\u017ei\u016bros. Sprendimas pritaikytas ilgalaikiam naudojimui, i\u0161laikant solid\u0173 ir ram\u0173 vaizd\u0105.<\/p>\n<ul>\n<li>Granito de\u017eut\u0117s ir atminimo lentel\u0117s gamyba<\/li>\n<li>Trinkeli\u0173 klojimas<\/li>\n<li>Montavimas<\/li>\n<\/ul>\n<p>[\/vc_column_text][vc_column_text css=&#8221;&#8221;]<\/p>\n<h5>Naudotos med\u017eiagos:<\/h5>\n<p>[\/vc_column_text][vc_row_inner content_placement=&#8221;bottom&#8221;][vc_column_inner width=&#8221;1\/3&#8243;][vc_single_image image=&#8221;33380&#8243; css=&#8221;&#8221; title=&#8221;Sea Wave White&#8221;][\/vc_column_inner][vc_column_inner width=&#8221;1\/3&#8243;][vc_single_image image=&#8221;32727&#8243; css=&#8221;&#8221; title=&#8221;Suomi\u0161ka Aurora&#8221;][\/vc_column_inner][vc_column_inner width=&#8221;1\/3&#8243;][vc_single_image image=&#8221;32732&#8243; css=&#8221;&#8221; title=&#8221;Warangal-Black&#8221;][\/vc_column_inner][\/vc_row_inner][\/vc_column][\/vc_row][vc_row css=&#8221;.vc_custom_1770025999109{background-color: #EDEDED !important;}&#8221;][vc_column offset=&#8221;vc_hidden-lg vc_hidden-md&#8221;][vc_single_image image=&#8221;33661&#8243; img_size=&#8221;large&#8221; alignment=&#8221;center&#8221; css=&#8221;.vc_custom_1769515390167{margin-bottom: 0px !important;}&#8221;][vc_column_text css=&#8221;&#8221;]<\/p>\n<h3><strong>D\u0117\u017eut\u0117s stiliaus kapaviet\u0117 su atminimo lentele.<\/strong><\/h3>\n<p>Tvarkinga ir ilgaam\u017e\u0117 d\u0117\u017eut\u0117s tipo kapaviet\u0117, sukurta siekiant estetikos, ai\u0161kios strukt\u016bros ir lengvos prie\u017ei\u016bros. Sprendimas pritaikytas ilgalaikiam naudojimui, i\u0161laikant solid\u0173 ir ram\u0173 vaizd\u0105.[\/vc_column_text][vc_toggle title=&#8221;Skaityti Daugiau&#8221; css=&#8221;&#8221;]1. Pamat\u0173 betonavimas<\/p>\n<p>2. Plok\u0161\u010di\u0173 kra\u0161tini\u0173 poliravimas<\/p>\n<p>3. Montavimas[\/vc_toggle][vc_column_text css=&#8221;.vc_custom_1769507449711{margin-bottom: 0px !important;}&#8221;]<\/p>\n<h5 style=\"text-align: center;\"><strong>Naudotos med\u017eiagos:<\/strong><\/h5>\n<p>[\/vc_column_text][vc_tta_pageable no_fill_content_area=&#8221;true&#8221; autoplay=&#8221;3&#8243; active_section=&#8221;1&#8243;][vc_tta_section title=&#8221;Section&#8221; tab_id=&#8221;1769515404881-d925857f-4cd2&#8243;][vc_single_image image=&#8221;33380&#8243; alignment=&#8221;center&#8221; css=&#8221;&#8221; title=&#8221;Sea Wave White&#8221;][\/vc_tta_section][vc_tta_section title=&#8221;Section 1&#8243; tab_id=&#8221;1769515283298-f22dcdd5-68e8&#8243;][vc_single_image image=&#8221;32727&#8243; alignment=&#8221;center&#8221; css=&#8221;&#8221; title=&#8221;Suomi\u0161ka Aurora&#8221;][\/vc_tta_section][vc_tta_section title=&#8221;Section 2&#8243; tab_id=&#8221;1769515283400-0e37d2ca-b829&#8243;][vc_single_image image=&#8221;32732&#8243; alignment=&#8221;center&#8221; css=&#8221;&#8221; title=&#8221;Warangal-Black&#8221;][\/vc_tta_section][\/vc_tta_pageable][\/vc_column][\/vc_row][vc_row full_width=&#8221;stretch_row_content&#8221;][vc_column][vc_separator][\/vc_column][\/vc_row][vc_row][vc_column][vc_btn title=&#8221;\u2190 Darbu Pavyzd\u017eiai&#8221; css=&#8221;&#8221; link=&#8221;url:https%3A%2F%2Fkapusprendimai.lt%2Findex.php%2Fdarbu-pavyzdziai%2F&#8221;][\/vc_column][\/vc_row][vc_row disable_element=&#8221;yes&#8221;][vc_column][vc_row_inner][vc_column_inner width=&#8221;1\/5&#8243;][vc_column_text css=&#8221;&#8221;]Viscont White[\/vc_column_text][vc_single_image image=&#8221;33369&#8243; css=&#8221;&#8221; title=&#8221;Viscont White&#8221;][vc_single_image image=&#8221;32807&#8243; css=&#8221;&#8221; title=&#8221;Viscont White&#8221;][\/vc_column_inner][vc_column_inner width=&#8221;1\/5&#8243;][vc_column_text css=&#8221;&#8221;]Indian Aurora[\/vc_column_text][vc_single_image image=&#8221;32718&#8243; css=&#8221;&#8221; title=&#8221;Indian Aurora&#8221;][vc_single_image image=&#8221;32598&#8243; css=&#8221;&#8221; title=&#8221;Indian Aurora&#8221;][\/vc_column_inner][vc_column_inner width=&#8221;1\/5&#8243;][vc_column_text css=&#8221;&#8221;]Warangal Black[\/vc_column_text][vc_single_image image=&#8221;32732&#8243; css=&#8221;&#8221; title=&#8221;Warangal-Black&#8221;][\/vc_column_inner][vc_column_inner width=&#8221;1\/5&#8243;][vc_column_text css=&#8221;&#8221;]Steel Grey[\/vc_column_text][vc_single_image image=&#8221;32574&#8243; css=&#8221;&#8221; title=&#8221;Steel Grey&#8221;][\/vc_column_inner][vc_column_inner width=&#8221;1\/5&#8243;][vc_column_text css=&#8221;&#8221;]River Black[\/vc_column_text][vc_single_image image=&#8221;33246&#8243; css=&#8221;&#8221; title=&#8221;River Black&#8221;][\/vc_column_inner][\/vc_row_inner][vc_row_inner][vc_column_inner width=&#8221;1\/5&#8243;][vc_column_text css=&#8221;&#8221;]Orion[\/vc_column_text][vc_single_image image=&#8221;33242&#8243; css=&#8221;&#8221; title=&#8221;Orion&#8221;][\/vc_column_inner][vc_column_inner width=&#8221;1\/5&#8243;][vc_column_text css=&#8221;&#8221;]Tan Brown[\/vc_column_text][vc_single_image image=&#8221;33244&#8243; css=&#8221;&#8221; title=&#8221;Tan Brown&#8221;][\/vc_column_inner][vc_column_inner width=&#8221;1\/5&#8243;][vc_column_text css=&#8221;&#8221;]Tan Brown Degintas[\/vc_column_text][vc_single_image image=&#8221;33666&#8243; css=&#8221;&#8221; title=&#8221;Tan Brown Degintas&#8221;][\/vc_column_inner][vc_column_inner width=&#8221;1\/5&#8243;][vc_column_text css=&#8221;&#8221;]G-603[\/vc_column_text][vc_single_image image=&#8221;32734&#8243; css=&#8221;&#8221; title=&#8221;G603 Pilkas&#8221;][\/vc_column_inner][vc_column_inner width=&#8221;1\/5&#8243;][vc_column_text css=&#8221;&#8221;]Grey Ukraine[\/vc_column_text][vc_single_image image=&#8221;32730&#8243; css=&#8221;&#8221; title=&#8221;Grey Ukraina&#8221;][\/vc_column_inner][\/vc_row_inner][vc_row_inner][vc_column_inner width=&#8221;1\/5&#8243;][vc_column_text css=&#8221;&#8221;]Suomi\u0161ka Aurora[\/vc_column_text][vc_single_image image=&#8221;32727&#8243; css=&#8221;&#8221; title=&#8221;Suomi\u0161ka Aurora&#8221;][\/vc_column_inner][vc_column_inner width=&#8221;1\/5&#8243;][vc_column_text css=&#8221;&#8221;]G-664[\/vc_column_text][vc_single_image image=&#8221;33667&#8243; css=&#8221;&#8221; title=&#8221;G-664&#8243;][\/vc_column_inner][vc_column_inner width=&#8221;1\/5&#8243;][vc_column_text css=&#8221;&#8221;]Rosso Santiago[\/vc_column_text][vc_single_image image=&#8221;33668&#8243; css=&#8221;&#8221; title=&#8221;Rosso Santiago&#8221;][\/vc_column_inner][vc_column_inner width=&#8221;1\/5&#8243;][vc_column_text css=&#8221;&#8221;]Maple Red[\/vc_column_text][vc_single_image image=&#8221;32595&#8243; css=&#8221;&#8221; title=&#8221;Maple Red&#8221;][\/vc_column_inner][vc_column_inner width=&#8221;1\/5&#8243;][vc_column_text css=&#8221;&#8221;]Labrador Melsvas[\/vc_column_text][vc_single_image image=&#8221;33669&#8243; css=&#8221;&#8221; title=&#8221;Labrador Melsvas&#8221;][\/vc_column_inner][\/vc_row_inner][vc_row_inner][vc_column_inner width=&#8221;1\/5&#8243;][vc_column_text css=&#8221;&#8221;]Labrador \u017dalsvas[\/vc_column_text][vc_single_image image=&#8221;33670&#8243; css=&#8221;&#8221; title=&#8221;Labrador \u017dalsvas&#8221;][\/vc_column_inner][vc_column_inner width=&#8221;1\/5&#8243;][vc_column_text css=&#8221;&#8221;]Leopard[\/vc_column_text][vc_single_image image=&#8221;32576&#8243; css=&#8221;&#8221; title=&#8221;Leopard&#8221;][\/vc_column_inner][vc_column_inner width=&#8221;1\/5&#8243;][vc_column_text css=&#8221;&#8221;]Vizag Blue[\/vc_column_text][vc_single_image image=&#8221;33671&#8243; css=&#8221;&#8221; title=&#8221;Vizag Blue&#8221;][\/vc_column_inner][vc_column_inner width=&#8221;1\/5&#8243;][vc_column_text css=&#8221;&#8221;]Sea Wave White[\/vc_column_text][vc_single_image image=&#8221;33380&#8243; css=&#8221;&#8221; title=&#8221;Sea Wave White&#8221;][\/vc_column_inner][vc_column_inner width=&#8221;1\/5&#8243;][vc_column_text css=&#8221;&#8221;]Paradiso Classic[\/vc_column_text][vc_single_image image=&#8221;33401&#8243; css=&#8221;&#8221; title=&#8221;Paradiso Classic&#8221;][\/vc_column_inner][\/vc_row_inner][\/vc_column][\/vc_row]<\/p>\n<\/div>","protected":false},"excerpt":{"rendered":"<p>[vc_row full_width=&#8221;stretch_row_content&#8221;][vc_column][vc_separator][\/vc_column][\/vc_row][vc_row full_width=&#8221;stretch_row_content&#8221; css=&#8221;.vc_custom_1770025905045{padding-right: 100px !important;padding-left: 100px !important;background-color: #EDEDED !important;}&#8221;][vc_column width=&#8221;1\/2&#8243; offset=&#8221;vc_hidden-sm vc_hidden-xs&#8221;][vc_single_image image=&#8221;33887&#8243; img_size=&#8221;1200&#215;900&#8243; css=&#8221;.vc_custom_1770645881838{margin-top: 50px !important;padding-right: 50px !important;}&#8221;][\/vc_column][vc_column<\/p>\n","protected":false},"author":2,"featured_media":0,"parent":0,"menu_order":0,"comment_status":"closed","ping_status":"closed","template":"","meta":{"footnotes":""},"folder":[101],"class_list":["post-33547","page","type-page","status-publish","hentry"],"_links":{"self":[{"href":"https:\/\/kapusprendimai.lt\/index.php\/wp-json\/wp\/v2\/pages\/33547","targetHints":{"allow":["GET"]}}],"collection":[{"href":"https:\/\/kapusprendimai.lt\/index.php\/wp-json\/wp\/v2\/pages"}],"about":[{"href":"https:\/\/kapusprendimai.lt\/index.php\/wp-json\/wp\/v2\/types\/page"}],"author":[{"embeddable":true,"href":"https:\/\/kapusprendimai.lt\/index.php\/wp-json\/wp\/v2\/users\/2"}],"replies":[{"embeddable":true,"href":"https:\/\/kapusprendimai.lt\/index.php\/wp-json\/wp\/v2\/comments?post=33547"}],"version-history":[{"count":44,"href":"https:\/\/kapusprendimai.lt\/index.php\/wp-json\/wp\/v2\/pages\/33547\/revisions"}],"predecessor-version":[{"id":34106,"href":"https:\/\/kapusprendimai.lt\/index.php\/wp-json\/wp\/v2\/pages\/33547\/revisions\/34106"}],"wp:attachment":[{"href":"https:\/\/kapusprendimai.lt\/index.php\/wp-json\/wp\/v2\/media?parent=33547"}],"wp:term":[{"taxonomy":"folder","embeddable":true,"href":"https:\/\/kapusprendimai.lt\/index.php\/wp-json\/wp\/v2\/folder?post=33547"}],"curies":[{"name":"wp","href":"https:\/\/api.w.org\/{rel}","templated":true}]}}