{"id":33484,"date":"2026-01-16T14:36:38","date_gmt":"2026-01-16T14:36:38","guid":{"rendered":"https:\/\/kapusprendimai.lt\/?page_id=33484"},"modified":"2026-02-11T14:49:23","modified_gmt":"2026-02-11T14:49:23","slug":"katalogas","status":"publish","type":"page","link":"https:\/\/kapusprendimai.lt\/index.php\/katalogas\/","title":{"rendered":"Katalogas"},"content":{"rendered":"<div class=\"wpb-content-wrapper\"><p>[vc_row][vc_column][\/vc_column][\/vc_row][vc_row full_width=&#8221;stretch_row_content&#8221;][vc_column width=&#8221;1\/2&#8243; css=&#8221;.vc_custom_1768553214207{margin-right: -50px !important;margin-left: 50px !important;}&#8221;][vc_column_text css=&#8221;&#8221;]<\/p>\n<div style=\"background-color: #f7f7f7; border-radius: 4px; padding: 12px 16px; margin-bottom: 20px;\">\n<h5 style=\"margin: 0px; text-align: center;\">\u010cia rasite m\u016bs\u0173 si\u016blomus granito gaminius, teikiamas kapavie\u010di\u0173 tvarkymo paslaugas<\/h5>\n<h5 style=\"margin: 0px; text-align: center;\">bei atlikt\u0173 darb\u0173 pavyzd\u017eius.<\/h5>\n<\/div>\n<p>[\/vc_column_text]\n\t\t\t<div class=\"promo-banner-wrapper\">\n\t\t\t\t<div class=\"promo-banner cursor-pointer text-left vertical-alignment-middle banner- hover-1 color-scheme-light \" onclick=\"window.location.href='https:\/\/kapusprendimai.lt\/index.php\/granito-plokstes\/'\" >\n\n\t\t\t\t\t<div class=\"main-wrapp-img\">\n\t\t\t\t\t\t<div class=\"banner-image\">\n\t\t\t\t\t\t\t\t\t\t\t\t\t\t\t\t\t\t\t\t\t\t\t\t<img decoding=\"async\" class=\"promo-banner-image image-1 \" src=\"https:\/\/kapusprendimai.lt\/wp-content\/uploads\/2025\/11\/sea_wave_pol-1-1300x200.jpg\" width=\"1300\" height=\"200\" alt=\"sea_wave_pol\" title=\"sea_wave_pol\" loading=\"lazy\" \/>\t\t\t\t\t\t\t\t\t\t\t\t\t\t\t\t\t\t\t\t\t<\/div>\n\t\t\t\t\t<\/div>\n\n\t\t\t\t\t<div class=\"wrapper-content-baner\">\n\t\t\t\t\t\t<div class=\"banner-inner\">\n\t\t\t\t\t\t\t<\/p>\n<div style=\"background: rgba(0,0,0,0.6); padding: 22px 28px; border-radius: 10px; display: inline-block;\">\n<h3 style=\"color: #ffffff; margin: 0; text-align: center;\"><strong>Granito plok\u0161\u010di\u0173 katalogas<\/strong><\/h3>\n<\/div>\n<p>\n\t\t\t\t\t\t<\/div>\n\t\t\t\t\t<\/div>\n\n\t\t\t\t<\/div>\n\t\t\t<\/div>\n\n\t\t\n\t\t\t<div class=\"promo-banner-wrapper\">\n\t\t\t\t<div class=\"promo-banner cursor-pointer text-left vertical-alignment-middle banner- hover-1 color-scheme-light \" onclick=\"window.location.href='https:\/\/kapusprendimai.lt\/index.php\/paslaugos-2\/'\" >\n\n\t\t\t\t\t<div class=\"main-wrapp-img\">\n\t\t\t\t\t\t<div class=\"banner-image\">\n\t\t\t\t\t\t\t\t\t\t\t\t\t\t\t\t\t\t\t\t\t\t\t\t<img decoding=\"async\" class=\"promo-banner-image image-1 \" src=\"https:\/\/kapusprendimai.lt\/wp-content\/uploads\/2025\/04\/Products-1300x200.png\" width=\"1300\" height=\"200\" alt=\"Products\" title=\"Products\" loading=\"lazy\" \/>\t\t\t\t\t\t\t\t\t\t\t\t\t\t\t\t\t\t\t\t\t<\/div>\n\t\t\t\t\t<\/div>\n\n\t\t\t\t\t<div class=\"wrapper-content-baner\">\n\t\t\t\t\t\t<div class=\"banner-inner\">\n\t\t\t\t\t\t\t<\/p>\n<div style=\"background: rgba(0,0,0,0.6); padding: 22px 28px; border-radius: 10px; display: inline-block;\">\n<h3 style=\"color: #ffffff; margin: 0; text-align: center;\"><strong>M\u016bs\u0173 teikiamos paslaugos<\/strong><\/h3>\n<\/div>\n<p>\n\t\t\t\t\t\t<\/div>\n\t\t\t\t\t<\/div>\n\n\t\t\t\t<\/div>\n\t\t\t<\/div>\n\n\t\t\n\t\t\t<div class=\"promo-banner-wrapper\">\n\t\t\t\t<div class=\"promo-banner cursor-pointer text-left vertical-alignment-middle banner- hover-1 color-scheme-light \" onclick=\"window.location.href='https:\/\/kapusprendimai.lt\/index.php\/atlikti-darbai\/'\" >\n\n\t\t\t\t\t<div class=\"main-wrapp-img\">\n\t\t\t\t\t\t<div class=\"banner-image\">\n\t\t\t\t\t\t\t\t\t\t\t\t\t\t\t\t\t\t\t\t\t\t\t\t<img decoding=\"async\" class=\"promo-banner-image image-1 \" src=\"https:\/\/kapusprendimai.lt\/wp-content\/uploads\/2025\/04\/ileista-1300x200.png\" width=\"1300\" height=\"200\" alt=\"ileista\" title=\"ileista\" loading=\"lazy\" \/>\t\t\t\t\t\t\t\t\t\t\t\t\t\t\t\t\t\t\t\t\t<\/div>\n\t\t\t\t\t<\/div>\n\n\t\t\t\t\t<div class=\"wrapper-content-baner\">\n\t\t\t\t\t\t<div class=\"banner-inner\">\n\t\t\t\t\t\t\t<\/p>\n<div style=\"background: rgba(0,0,0,0.6); padding: 22px 28px; border-radius: 10px; display: inline-block;\">\n<h3 style=\"color: #ffffff; margin: 0; text-align: center;\"><strong>Atlikt\u0173 darb\u0173 pavyzd\u017eiai<\/strong><\/h3>\n<\/div>\n<p>\n\t\t\t\t\t\t<\/div>\n\t\t\t\t\t<\/div>\n\n\t\t\t\t<\/div>\n\t\t\t<\/div>\n\n\t\t[vc_column_text css=&#8221;&#8221;]<\/p>\n<p style=\"text-align: center;\">M\u016bs\u0173 katalogas nuolat atnaujinamas ir pildomas.<\/p>\n<p>[\/vc_column_text][\/vc_column][vc_column width=&#8221;1\/2&#8243; css=&#8221;.vc_custom_1768561538374{margin-left: 50px !important;padding-right: 150px !important;padding-left: 150px !important;}&#8221;][vc_column_text css=&#8221;&#8221;]<\/p>\n<div style=\"background-color: #f7f7f7; border-radius: 4px; padding: 12px 16px; margin-bottom: 15px;\">\n<h5 style=\"margin: 0px; text-align: center;\"><strong>Neradote, ko ie\u0161kote? Susisiekite su m\u016bs\u0173 specialistais.<\/strong><\/h5>\n<h5 style=\"margin: 0px; text-align: center;\"><strong>\u2304<\/strong><\/h5>\n<\/div>\n<p>[\/vc_column_text]\n<div class=\"wpcf7 no-js\" id=\"wpcf7-f178-o1\" lang=\"en-US\" dir=\"ltr\" data-wpcf7-id=\"178\">\n<div class=\"screen-reader-response\"><p role=\"status\" aria-live=\"polite\" aria-atomic=\"true\"><\/p> <ul><\/ul><\/div>\n<form action=\"\/index.php\/wp-json\/wp\/v2\/pages\/33484#wpcf7-f178-o1\" method=\"post\" class=\"wpcf7-form init\" aria-label=\"Contact form\" novalidate=\"novalidate\" data-status=\"init\">\n<div style=\"display: none;\">\n<input type=\"hidden\" name=\"_wpcf7\" value=\"178\" \/>\n<input type=\"hidden\" name=\"_wpcf7_version\" value=\"6.0.5\" \/>\n<input type=\"hidden\" name=\"_wpcf7_locale\" value=\"en_US\" \/>\n<input type=\"hidden\" name=\"_wpcf7_unit_tag\" value=\"wpcf7-f178-o1\" \/>\n<input type=\"hidden\" name=\"_wpcf7_container_post\" value=\"0\" \/>\n<input type=\"hidden\" name=\"_wpcf7_posted_data_hash\" value=\"\" \/>\n<\/div>\n<div class=\"row\">\n\t<div class=\"col-md-6\">\n\t\t<p><label>Vardas (*)<\/label><span class=\"wpcf7-form-control-wrap\" data-name=\"your-name\"><input size=\"40\" maxlength=\"400\" class=\"wpcf7-form-control wpcf7-text wpcf7-validates-as-required\" aria-required=\"true\" aria-invalid=\"false\" value=\"\" type=\"text\" name=\"your-name\" \/><\/span>\n\t\t<\/p>\n\t<\/div>\n\t<div class=\"col-md-6\">\n\t\t<p><label>Telefono numeris (*)<\/label><span class=\"wpcf7-form-control-wrap\" data-name=\"tel-624\"><input size=\"40\" maxlength=\"400\" class=\"wpcf7-form-control wpcf7-tel wpcf7-validates-as-required wpcf7-text wpcf7-validates-as-tel\" aria-required=\"true\" aria-invalid=\"false\" value=\"\" type=\"tel\" name=\"tel-624\" \/><\/span>\n\t\t<\/p>\n\t<\/div>\n<\/div>\n<div class=\"row\">\n\t<div class=\"col-md-6\">\n\t\t<p><label>El. pa\u0161tas<\/label><span class=\"wpcf7-form-control-wrap\" data-name=\"email-518\"><input size=\"40\" maxlength=\"400\" class=\"wpcf7-form-control wpcf7-email wpcf7-text wpcf7-validates-as-email\" aria-invalid=\"false\" value=\"\" type=\"email\" name=\"email-518\" \/><\/span>\n\t\t<\/p>\n\t<\/div>\n\t<div class=\"col-md-6\">\n\t\t<p><label>Miestas <\/label><span class=\"wpcf7-form-control-wrap\" data-name=\"text-194\"><input size=\"40\" maxlength=\"400\" class=\"wpcf7-form-control wpcf7-text\" aria-invalid=\"false\" value=\"\" type=\"text\" name=\"text-194\" \/><\/span>\n\t\t<\/p>\n\t<\/div>\n<\/div>\n<p><label for=\"privalomas_laukas\">* \u0160is laukas yra privalomas<\/label>\n<\/p>\n<p><label>Kas jus domina? (paslauga, gaminys, klausimas)<\/label><span class=\"wpcf7-form-control-wrap\" data-name=\"your-message\"><textarea cols=\"40\" rows=\"10\" maxlength=\"2000\" class=\"wpcf7-form-control wpcf7-textarea\" aria-invalid=\"false\" name=\"your-message\"><\/textarea><\/span>\n<\/p>\n<p><label>Papildoma informacija<\/label><span class=\"wpcf7-form-control-wrap\" data-name=\"text-93112\"><input size=\"40\" maxlength=\"400\" class=\"wpcf7-form-control wpcf7-text\" aria-invalid=\"false\" value=\"\" type=\"text\" name=\"text-93112\" \/><\/span>\n<\/p>\n<p><input class=\"wpcf7-form-control wpcf7-submit has-spinner btn btn-color-primary\" type=\"submit\" value=\"Si\u0173sti \u017einut\u0119\" \/>\n<\/p>\n<p style=\"font-size: 13px; color: #666; margin-top: 8px;\"><br \/>\nSu Jumis susisieksime artimiausiu metu.\n<\/p><div class=\"wpcf7-response-output\" aria-hidden=\"true\"><\/div>\n<\/form>\n<\/div>\n[\/vc_column][\/vc_row]<\/p>\n<\/div>","protected":false},"excerpt":{"rendered":"<p>[vc_row][vc_column][\/vc_column][\/vc_row][vc_row full_width=&#8221;stretch_row_content&#8221;][vc_column width=&#8221;1\/2&#8243; css=&#8221;.vc_custom_1768553214207{margin-right: -50px !important;margin-left: 50px !important;}&#8221;][vc_column_text css=&#8221;&#8221;] \u010cia rasite m\u016bs\u0173 si\u016blomus granito gaminius, teikiamas kapavie\u010di\u0173 tvarkymo paslaugas bei<\/p>\n","protected":false},"author":2,"featured_media":0,"parent":0,"menu_order":0,"comment_status":"closed","ping_status":"closed","template":"","meta":{"footnotes":""},"folder":[101],"class_list":["post-33484","page","type-page","status-publish","hentry"],"_links":{"self":[{"href":"https:\/\/kapusprendimai.lt\/index.php\/wp-json\/wp\/v2\/pages\/33484","targetHints":{"allow":["GET"]}}],"collection":[{"href":"https:\/\/kapusprendimai.lt\/index.php\/wp-json\/wp\/v2\/pages"}],"about":[{"href":"https:\/\/kapusprendimai.lt\/index.php\/wp-json\/wp\/v2\/types\/page"}],"author":[{"embeddable":true,"href":"https:\/\/kapusprendimai.lt\/index.php\/wp-json\/wp\/v2\/users\/2"}],"replies":[{"embeddable":true,"href":"https:\/\/kapusprendimai.lt\/index.php\/wp-json\/wp\/v2\/comments?post=33484"}],"version-history":[{"count":52,"href":"https:\/\/kapusprendimai.lt\/index.php\/wp-json\/wp\/v2\/pages\/33484\/revisions"}],"predecessor-version":[{"id":33922,"href":"https:\/\/kapusprendimai.lt\/index.php\/wp-json\/wp\/v2\/pages\/33484\/revisions\/33922"}],"wp:attachment":[{"href":"https:\/\/kapusprendimai.lt\/index.php\/wp-json\/wp\/v2\/media?parent=33484"}],"wp:term":[{"taxonomy":"folder","embeddable":true,"href":"https:\/\/kapusprendimai.lt\/index.php\/wp-json\/wp\/v2\/folder?post=33484"}],"curies":[{"name":"wp","href":"https:\/\/api.w.org\/{rel}","templated":true}]}}