{"id":32783,"date":"2025-04-21T12:44:07","date_gmt":"2025-04-21T12:44:07","guid":{"rendered":"https:\/\/kapusprendimai.lt\/?page_id=32783"},"modified":"2026-02-23T09:00:23","modified_gmt":"2026-02-23T09:00:23","slug":"kaip-uzsisakyti-kapavieciu-tvarkyma","status":"publish","type":"page","link":"https:\/\/kapusprendimai.lt\/index.php\/kaip-uzsisakyti-kapavieciu-tvarkyma\/","title":{"rendered":"Kaip u\u017esisakyti kapavie\u010di\u0173 tvarkym\u0105?"},"content":{"rendered":"<div class=\"wpb-content-wrapper\"><p>[vc_row][vc_column][vc_column_text css=&#8221;&#8221;]<\/p>\n<ol data-start=\"164\" data-end=\"1220\">\n<li class=\"\" data-start=\"164\" data-end=\"353\">\n<p class=\"\" data-start=\"167\" data-end=\"353\"><strong data-start=\"167\" data-end=\"191\">Susisiekite su mumis<\/strong><br data-start=\"191\" data-end=\"194\" \/>U\u017epildykite u\u017eklausos form\u0105 svetain\u0117je, para\u0161ykite el. pa\u0161tu arba paskambinkite nurodytu telefonu. Aptarsime J\u016bs\u0173 poreikius ir atsakysime \u012f visus klausimus.<\/p>\n<\/li>\n<li class=\"\" data-start=\"355\" data-end=\"640\">\n<p class=\"\" data-start=\"358\" data-end=\"416\"><strong data-start=\"358\" data-end=\"398\">Pateikite informacij\u0105 apie kapaviet\u0119<\/strong><br data-start=\"398\" data-end=\"401\" \/>Mums reik\u0117s:<\/p>\n<ul data-start=\"420\" data-end=\"640\">\n<li class=\"\" data-start=\"420\" data-end=\"462\">\n<p class=\"\" data-start=\"422\" data-end=\"462\">Kapaviet\u0117s vietos (kapini\u0173 pavadinimo)<\/p>\n<\/li>\n<li class=\"\" data-start=\"466\" data-end=\"500\">\n<p class=\"\" data-start=\"468\" data-end=\"500\">Kapaviet\u0117s dyd\u017eio (jei \u017einoma)<\/p>\n<\/li>\n<li class=\"\" data-start=\"504\" data-end=\"640\">\n<p class=\"\" data-start=\"506\" data-end=\"640\">Pageidaujam\u0173 darb\u0173 apra\u0161ymo (pvz., plok\u0161\u010di\u0173 klojimas, paminklo pastatymas, skaldos klojimas, poliravimas, raid\u017ei\u0173 atnaujinimas ir kt.)<\/p>\n<\/li>\n<\/ul>\n<\/li>\n<li class=\"\" data-start=\"642\" data-end=\"797\">\n<p class=\"\" data-start=\"645\" data-end=\"797\"><strong data-start=\"645\" data-end=\"681\">S\u0105matos ir darb\u0173 plano sudarymas<\/strong><br data-start=\"681\" data-end=\"684\" \/>Pateiksime preliminari\u0105 darb\u0173 s\u0105mat\u0105 ir terminus. Esant poreikiui, galime atvykti \u012f viet\u0105 ap\u017ei\u016br\u0117ti kapaviet\u0119.<\/p>\n<\/li>\n<li class=\"\" data-start=\"799\" data-end=\"898\">\n<p class=\"\" data-start=\"802\" data-end=\"898\"><strong data-start=\"802\" data-end=\"825\">Sutarties sudarymas<\/strong><br data-start=\"825\" data-end=\"828\" \/>Suderinus visus darbus ir kain\u0105, sudarome paslaug\u0173 teikimo sutart\u012f.<\/p>\n<\/li>\n<li class=\"\" data-start=\"900\" data-end=\"1011\">\n<p class=\"\" data-start=\"903\" data-end=\"1011\"><strong data-start=\"903\" data-end=\"922\">Darbo atlikimas<\/strong><br data-start=\"922\" data-end=\"925\" \/>Darbus atliekame sutartu laiku, atsi\u017evelgdami \u012f oro s\u0105lygas ir techninius ypatumus.<\/p>\n<\/li>\n<li class=\"\" data-start=\"1013\" data-end=\"1220\">\n<p class=\"\" data-start=\"1016\" data-end=\"1220\"><strong data-start=\"1016\" data-end=\"1053\">Darbo u\u017ebaigimas ir atsiskaitymas<\/strong><br data-start=\"1053\" data-end=\"1056\" \/>U\u017ebaigus darbus, informuojame klient\u0105, pateikiame nuotraukas arba organizuojame gyv\u0105 ap\u017ei\u016br\u0105. Atsiskaitymas atliekamas po darb\u0173 atlikimo, jei nesutariama kitaip.<\/p>\n<\/li>\n<\/ol>\n<hr class=\"\" data-start=\"1222\" data-end=\"1225\" \/>\n<p class=\"\" data-start=\"1227\" data-end=\"1367\"><strong data-start=\"1227\" data-end=\"1367\">Norite u\u017esisakyti kapaviet\u0117s tvarkym\u0105? Susisiekite \u2013 patarsime, pasi\u016blysime sprendim\u0105 ir pasir\u016bpinsime viskuo nuo prad\u017eios iki pabaigos.<\/strong><\/p>\n<p>[\/vc_column_text][\/vc_column][\/vc_row]<\/p>\n<\/div>","protected":false},"excerpt":{"rendered":"<p>[vc_row][vc_column][vc_column_text css=&#8221;&#8221;] Susisiekite su mumisU\u017epildykite u\u017eklausos form\u0105 svetain\u0117je, para\u0161ykite el. pa\u0161tu arba paskambinkite nurodytu telefonu. Aptarsime J\u016bs\u0173 poreikius ir atsakysime<\/p>\n","protected":false},"author":2,"featured_media":0,"parent":0,"menu_order":0,"comment_status":"closed","ping_status":"closed","template":"","meta":{"footnotes":""},"folder":[],"class_list":["post-32783","page","type-page","status-publish","hentry"],"_links":{"self":[{"href":"https:\/\/kapusprendimai.lt\/index.php\/wp-json\/wp\/v2\/pages\/32783","targetHints":{"allow":["GET"]}}],"collection":[{"href":"https:\/\/kapusprendimai.lt\/index.php\/wp-json\/wp\/v2\/pages"}],"about":[{"href":"https:\/\/kapusprendimai.lt\/index.php\/wp-json\/wp\/v2\/types\/page"}],"author":[{"embeddable":true,"href":"https:\/\/kapusprendimai.lt\/index.php\/wp-json\/wp\/v2\/users\/2"}],"replies":[{"embeddable":true,"href":"https:\/\/kapusprendimai.lt\/index.php\/wp-json\/wp\/v2\/comments?post=32783"}],"version-history":[{"count":3,"href":"https:\/\/kapusprendimai.lt\/index.php\/wp-json\/wp\/v2\/pages\/32783\/revisions"}],"predecessor-version":[{"id":32800,"href":"https:\/\/kapusprendimai.lt\/index.php\/wp-json\/wp\/v2\/pages\/32783\/revisions\/32800"}],"wp:attachment":[{"href":"https:\/\/kapusprendimai.lt\/index.php\/wp-json\/wp\/v2\/media?parent=32783"}],"wp:term":[{"taxonomy":"folder","embeddable":true,"href":"https:\/\/kapusprendimai.lt\/index.php\/wp-json\/wp\/v2\/folder?post=32783"}],"curies":[{"name":"wp","href":"https:\/\/api.w.org\/{rel}","templated":true}]}}