{"id":32365,"date":"2025-03-30T17:12:22","date_gmt":"2025-03-30T17:12:22","guid":{"rendered":"https:\/\/kapusprendimai.lt\/?page_id=32365"},"modified":"2026-02-19T14:44:19","modified_gmt":"2026-02-19T14:44:19","slug":"paslaugos-2","status":"publish","type":"page","link":"https:\/\/kapusprendimai.lt\/index.php\/paslaugos-2\/","title":{"rendered":"Paslaugos"},"content":{"rendered":"<div class=\"wpb-content-wrapper\"><p>[vc_row][vc_column][vc_column_text css=&#8221;&#8221;]<\/p>\n<p style=\"text-align: center;\"><strong>Teikiame kapavie\u010di\u0173 \u012frengimo, atnaujinimo ir tvarkymo paslaugas Panev\u0117\u017eio apskrityje.<\/strong><\/p>\n<p>[\/vc_column_text][\/vc_column][\/vc_row][vc_row][vc_column width=&#8221;1\/3&#8243;][vc_single_image image=&#8221;32581&#8243; img_size=&#8221;full&#8221; alignment=&#8221;center&#8221; css=&#8221;&#8221;][vc_column_text css=&#8221;&#8221;]<\/p>\n<h3><strong>Konsultacija ir projektavimas<\/strong><\/h3>\n<p>Pasi\u016blome tinkamiausius sprendimus pagal j\u016bs\u0173 norus, viet\u0105 ir biud\u017eet\u0105. Parengiame vizualizacijas, br\u0117\u017einius ir suderiname visas detales prie\u0161 pradedant darbus.[\/vc_column_text][\/vc_column][vc_column width=&#8221;1\/3&#8243;][vc_single_image image=&#8221;32583&#8243; img_size=&#8221;full&#8221; alignment=&#8221;center&#8221; css=&#8221;&#8221;][vc_column_text css=&#8221;&#8221;]<\/p>\n<h3><strong>Kapavie\u010di\u0173 betonavimas<\/strong><\/h3>\n<p>Liejame pamatus, betoninius bortelius ir pagrindus \u2013 tai u\u017etikrina kapaviet\u0117s stabilum\u0105, tvark\u0105 ir ilgaam\u017ei\u0161kum\u0105.[\/vc_column_text][\/vc_column][vc_column width=&#8221;1\/3&#8243;][vc_single_image image=&#8221;32585&#8243; img_size=&#8221;full&#8221; alignment=&#8221;center&#8221; css=&#8221;&#8221;][vc_column_text css=&#8221;&#8221;]<\/p>\n<h3 style=\"text-align: left;\"><strong>Kap\u0173 dengimas granito plok\u0161t\u0117mis<\/strong><\/h3>\n<p>Dengiame kapavietes nat\u016bralaus granito plok\u0161t\u0117mis. Tai ilgaam\u017eis, esteti\u0161kas ir prie\u017ei\u016bros nereikalaujantis sprendimas. Granito plok\u0161t\u0117s apsaugo nuo pikt\u017eoli\u0173, dr\u0117gm\u0117s bei padeda i\u0161laikyti tvarking\u0105 kapaviet\u0117s vaizd\u0105 daugel\u012f met\u0173.[\/vc_column_text][\/vc_column][\/vc_row][vc_row][vc_column width=&#8221;1\/3&#8243;][vc_single_image image=&#8221;32587&#8243; img_size=&#8221;full&#8221; alignment=&#8221;center&#8221; css=&#8221;&#8221;][vc_column_text css=&#8221;&#8221;]<\/p>\n<h3><strong>Kap\u0173 dengimas skalda<\/strong><\/h3>\n<p>Dengiame kapavietes dekoratyvine skalda. Tai prakti\u0161kas ir esteti\u0161kas sprendimas, padedantis i\u0161laikyti kapaviet\u0119 \u0161vari\u0105 ir tvarking\u0105. Si\u016blome \u012fvairi\u0173 spalv\u0173 ir frakcij\u0173 skald\u0105, pritaikyt\u0105 individualiems poreikiams.[\/vc_column_text][\/vc_column][vc_column width=&#8221;1\/3&#8243;][vc_single_image image=&#8221;32589&#8243; img_size=&#8221;full&#8221; alignment=&#8221;center&#8221; css=&#8221;&#8221;][vc_column_text css=&#8221;&#8221;]<\/p>\n<h3><strong>Trinkeli\u0173 klojimas<\/strong><\/h3>\n<p>Klojame trinkeles aplink kapavietes ir takelius. Tai patvarus, lengvai pri\u017ei\u016brimas sprendimas, padedantis i\u0161laikyti tvarking\u0105 aplink\u0105.[\/vc_column_text][\/vc_column][vc_column width=&#8221;1\/3&#8243;][vc_single_image image=&#8221;32593&#8243; img_size=&#8221;full&#8221; alignment=&#8221;center&#8221; css=&#8221;&#8221;][vc_column_text css=&#8221;&#8221;]<\/p>\n<h3><strong>Borteli\u0173 montavimas<\/strong><\/h3>\n<p>Montuojame Granito bortelius. Darbus atliekame tiksliai ir atsakingai, u\u017etikrindami stabilum\u0105, ilgaam\u017ei\u0161kum\u0105 ir estetin\u012f vaizd\u0105. Pasir\u016bpiname viskuo \u2013 nuo paruo\u0161imo iki galutinio sumontavimo.[\/vc_column_text][\/vc_column][\/vc_row][vc_row][vc_column width=&#8221;1\/3&#8243;][vc_single_image image=&#8221;32971&#8243; img_size=&#8221;full&#8221; alignment=&#8221;center&#8221; css=&#8221;&#8221;][vc_column_text css=&#8221;&#8221;]<\/p>\n<h3><strong>Demontavimo darbai<\/strong><\/h3>\n<p>Atliekame paminkl\u0173, borteli\u0173, trinkeli\u0173, plok\u0161\u010di\u0173 demontavim\u0105 bei skaldos i\u0161valym\u0105, paruo\u0161iame viet\u0105 naujam \u012frengimui.[\/vc_column_text][\/vc_column][vc_column width=&#8221;1\/3&#8243;][vc_single_image image=&#8221;33942&#8243; img_size=&#8221;1080 x 608&#8243; alignment=&#8221;center&#8221; onclick=&#8221;custom_link&#8221; css=&#8221;&#8221; link=&#8221;https:\/\/kapusprendimai.lt\/index.php\/paminklai-panevezyje\/&#8221;][vc_column_text css=&#8221;&#8221;]<\/p>\n<h3><strong>Paminkl\u0173 montavimo darbai<\/strong><\/h3>\n<p>Atliekame paminkl\u0173 montavim\u0105, raid\u017ei\u0173 p\u016btim\u0105 ir metalini\u0173 raid\u017ei\u0173 tvirtinim\u0105. Montuojame vienos, dviej\u0173 ar daugiau dali\u0173 paminklus, u\u017etikrindami stabilum\u0105, tikslum\u0105 ir ilgaam\u017ei\u0161kum\u0105.[\/vc_column_text][\/vc_column][vc_column width=&#8221;1\/3&#8243;][\/vc_column][\/vc_row]<\/p>\n<\/div>","protected":false},"excerpt":{"rendered":"<p>[vc_row][vc_column][vc_column_text css=&#8221;&#8221;] Teikiame kapavie\u010di\u0173 \u012frengimo, atnaujinimo ir tvarkymo paslaugas Panev\u0117\u017eio apskrityje. [\/vc_column_text][\/vc_column][\/vc_row][vc_row][vc_column width=&#8221;1\/3&#8243;][vc_single_image image=&#8221;32581&#8243; img_size=&#8221;full&#8221; alignment=&#8221;center&#8221; css=&#8221;&#8221;][vc_column_text css=&#8221;&#8221;] Konsultacija ir<\/p>\n","protected":false},"author":2,"featured_media":0,"parent":0,"menu_order":0,"comment_status":"closed","ping_status":"closed","template":"","meta":{"footnotes":""},"folder":[101],"class_list":["post-32365","page","type-page","status-publish","hentry"],"_links":{"self":[{"href":"https:\/\/kapusprendimai.lt\/index.php\/wp-json\/wp\/v2\/pages\/32365","targetHints":{"allow":["GET"]}}],"collection":[{"href":"https:\/\/kapusprendimai.lt\/index.php\/wp-json\/wp\/v2\/pages"}],"about":[{"href":"https:\/\/kapusprendimai.lt\/index.php\/wp-json\/wp\/v2\/types\/page"}],"author":[{"embeddable":true,"href":"https:\/\/kapusprendimai.lt\/index.php\/wp-json\/wp\/v2\/users\/2"}],"replies":[{"embeddable":true,"href":"https:\/\/kapusprendimai.lt\/index.php\/wp-json\/wp\/v2\/comments?post=32365"}],"version-history":[{"count":28,"href":"https:\/\/kapusprendimai.lt\/index.php\/wp-json\/wp\/v2\/pages\/32365\/revisions"}],"predecessor-version":[{"id":33951,"href":"https:\/\/kapusprendimai.lt\/index.php\/wp-json\/wp\/v2\/pages\/32365\/revisions\/33951"}],"wp:attachment":[{"href":"https:\/\/kapusprendimai.lt\/index.php\/wp-json\/wp\/v2\/media?parent=32365"}],"wp:term":[{"taxonomy":"folder","embeddable":true,"href":"https:\/\/kapusprendimai.lt\/index.php\/wp-json\/wp\/v2\/folder?post=32365"}],"curies":[{"name":"wp","href":"https:\/\/api.w.org\/{rel}","templated":true}]}}