{"id":32292,"date":"2025-03-27T20:12:08","date_gmt":"2025-03-27T20:12:08","guid":{"rendered":"https:\/\/kapusprendimai.lt\/?page_id=32292"},"modified":"2025-03-28T06:31:23","modified_gmt":"2025-03-28T06:31:23","slug":"ivairiu-atlieku-salinimas","status":"publish","type":"page","link":"https:\/\/kapusprendimai.lt\/index.php\/ivairiu-atlieku-salinimas\/","title":{"rendered":"\u012evairi\u0173 atliek\u0173 \u0161alinimas"},"content":{"rendered":"<div class=\"wpb-content-wrapper\"><p>[vc_row][vc_column width=&#8221;1\/2&#8243;][vc_single_image image=&#8221;32089&#8243; img_size=&#8221;Full&#8221; alignment=&#8221;center&#8221; css=&#8221;&#8221;][\/vc_column][vc_column width=&#8221;1\/2&#8243;][vc_column_text css=&#8221;&#8221;]<\/p>\n<h1><strong>\u012evairi\u0173 atliek\u0173 \u0161alinimas <\/strong><\/h1>\n<p>I\u0161ve\u017eame senas skaldas, l\u016b\u017eusias plytas, paminklus ar kitus liku\u010dius po tvarkymo darb\u0173.[\/vc_column_text][\/vc_column][\/vc_row]<\/p>\n<\/div>","protected":false},"excerpt":{"rendered":"<p>[vc_row][vc_column width=&#8221;1\/2&#8243;][vc_single_image image=&#8221;32089&#8243; img_size=&#8221;Full&#8221; alignment=&#8221;center&#8221; css=&#8221;&#8221;][\/vc_column][vc_column width=&#8221;1\/2&#8243;][vc_column_text css=&#8221;&#8221;] \u012evairi\u0173 atliek\u0173 \u0161alinimas I\u0161ve\u017eame senas skaldas, l\u016b\u017eusias plytas, paminklus ar kitus liku\u010dius<\/p>\n","protected":false},"author":2,"featured_media":0,"parent":0,"menu_order":0,"comment_status":"closed","ping_status":"closed","template":"","meta":{"footnotes":""},"folder":[103],"class_list":["post-32292","page","type-page","status-publish","hentry"],"_links":{"self":[{"href":"https:\/\/kapusprendimai.lt\/index.php\/wp-json\/wp\/v2\/pages\/32292","targetHints":{"allow":["GET"]}}],"collection":[{"href":"https:\/\/kapusprendimai.lt\/index.php\/wp-json\/wp\/v2\/pages"}],"about":[{"href":"https:\/\/kapusprendimai.lt\/index.php\/wp-json\/wp\/v2\/types\/page"}],"author":[{"embeddable":true,"href":"https:\/\/kapusprendimai.lt\/index.php\/wp-json\/wp\/v2\/users\/2"}],"replies":[{"embeddable":true,"href":"https:\/\/kapusprendimai.lt\/index.php\/wp-json\/wp\/v2\/comments?post=32292"}],"version-history":[{"count":2,"href":"https:\/\/kapusprendimai.lt\/index.php\/wp-json\/wp\/v2\/pages\/32292\/revisions"}],"predecessor-version":[{"id":32342,"href":"https:\/\/kapusprendimai.lt\/index.php\/wp-json\/wp\/v2\/pages\/32292\/revisions\/32342"}],"wp:attachment":[{"href":"https:\/\/kapusprendimai.lt\/index.php\/wp-json\/wp\/v2\/media?parent=32292"}],"wp:term":[{"taxonomy":"folder","embeddable":true,"href":"https:\/\/kapusprendimai.lt\/index.php\/wp-json\/wp\/v2\/folder?post=32292"}],"curies":[{"name":"wp","href":"https:\/\/api.w.org\/{rel}","templated":true}]}}