{"id":32259,"date":"2025-03-27T19:52:54","date_gmt":"2025-03-27T19:52:54","guid":{"rendered":"https:\/\/kapusprendimai.lt\/?page_id=32259"},"modified":"2025-03-28T06:02:28","modified_gmt":"2025-03-28T06:02:28","slug":"papildomos-statybines-dekoratyvines-paslaugos","status":"publish","type":"page","link":"https:\/\/kapusprendimai.lt\/index.php\/papildomos-statybines-dekoratyvines-paslaugos\/","title":{"rendered":"Papildomos statybin\u0117s \/ dekoratyvin\u0117s paslaugos"},"content":{"rendered":"<div class=\"wpb-content-wrapper\"><p>[vc_row][vc_column width=&#8221;1\/2&#8243;][vc_single_image image=&#8221;32197&#8243; img_size=&#8221;Full&#8221; alignment=&#8221;center&#8221; css=&#8221;&#8221;][\/vc_column][vc_column width=&#8221;1\/2&#8243;][vc_column_text css=&#8221;&#8221;]<\/p>\n<h1><strong>Papildomos statybin\u0117s \/ dekoratyvin\u0117s paslaugos<\/strong><\/h1>\n<ul>\n<li><a href=\"https:\/\/kapusprendimai.lt\/index.php\/trinkeliu-klojimas\/\">Trinkeli\u0173 klojimas <\/a><\/li>\n<li><a href=\"https:\/\/kapusprendimai.lt\/index.php\/dekoratyvines-granito-skaldos-dengimas\/\">Dekoratyvin\u0117s granito skaldos dengimas\u00a0<\/a><\/li>\n<\/ul>\n<p>[\/vc_column_text][\/vc_column][\/vc_row]<\/p>\n<\/div>","protected":false},"excerpt":{"rendered":"<p>[vc_row][vc_column width=&#8221;1\/2&#8243;][vc_single_image image=&#8221;32197&#8243; img_size=&#8221;Full&#8221; alignment=&#8221;center&#8221; css=&#8221;&#8221;][\/vc_column][vc_column width=&#8221;1\/2&#8243;][vc_column_text css=&#8221;&#8221;] Papildomos statybin\u0117s \/ dekoratyvin\u0117s paslaugos Trinkeli\u0173 klojimas Dekoratyvin\u0117s granito skaldos dengimas\u00a0 [\/vc_column_text][\/vc_column][\/vc_row]<\/p>\n","protected":false},"author":2,"featured_media":0,"parent":0,"menu_order":0,"comment_status":"closed","ping_status":"closed","template":"","meta":{"footnotes":""},"folder":[103],"class_list":["post-32259","page","type-page","status-publish","hentry"],"_links":{"self":[{"href":"https:\/\/kapusprendimai.lt\/index.php\/wp-json\/wp\/v2\/pages\/32259","targetHints":{"allow":["GET"]}}],"collection":[{"href":"https:\/\/kapusprendimai.lt\/index.php\/wp-json\/wp\/v2\/pages"}],"about":[{"href":"https:\/\/kapusprendimai.lt\/index.php\/wp-json\/wp\/v2\/types\/page"}],"author":[{"embeddable":true,"href":"https:\/\/kapusprendimai.lt\/index.php\/wp-json\/wp\/v2\/users\/2"}],"replies":[{"embeddable":true,"href":"https:\/\/kapusprendimai.lt\/index.php\/wp-json\/wp\/v2\/comments?post=32259"}],"version-history":[{"count":3,"href":"https:\/\/kapusprendimai.lt\/index.php\/wp-json\/wp\/v2\/pages\/32259\/revisions"}],"predecessor-version":[{"id":32315,"href":"https:\/\/kapusprendimai.lt\/index.php\/wp-json\/wp\/v2\/pages\/32259\/revisions\/32315"}],"wp:attachment":[{"href":"https:\/\/kapusprendimai.lt\/index.php\/wp-json\/wp\/v2\/media?parent=32259"}],"wp:term":[{"taxonomy":"folder","embeddable":true,"href":"https:\/\/kapusprendimai.lt\/index.php\/wp-json\/wp\/v2\/folder?post=32259"}],"curies":[{"name":"wp","href":"https:\/\/api.w.org\/{rel}","templated":true}]}}