{"id":32250,"date":"2025-03-27T19:49:38","date_gmt":"2025-03-27T19:49:38","guid":{"rendered":"https:\/\/kapusprendimai.lt\/?page_id=32250"},"modified":"2025-03-28T06:25:09","modified_gmt":"2025-03-28T06:25:09","slug":"individualus-uzsakymai-granito-gamybai","status":"publish","type":"page","link":"https:\/\/kapusprendimai.lt\/index.php\/individualus-uzsakymai-granito-gamybai\/","title":{"rendered":"Individual\u016bs u\u017esakymai granito gamybai"},"content":{"rendered":"<div class=\"wpb-content-wrapper\"><p>[vc_row][vc_column width=&#8221;1\/2&#8243;][vc_single_image image=&#8221;32089&#8243; img_size=&#8221;Full&#8221; alignment=&#8221;center&#8221; css=&#8221;&#8221;][\/vc_column][vc_column width=&#8221;1\/2&#8243;][vc_column_text css=&#8221;&#8221;]<\/p>\n<h1><strong>Individual\u016bs u\u017esakymai granito gamybai <\/strong><\/h1>\n<p>Gaminame pagal u\u017esakym\u0105: plok\u0161tes, bortelius, tvoreles, g\u0117lynus, paminklus, dekoratyvinius akcentus.[\/vc_column_text][\/vc_column][\/vc_row]<\/p>\n<\/div>","protected":false},"excerpt":{"rendered":"<p>[vc_row][vc_column width=&#8221;1\/2&#8243;][vc_single_image image=&#8221;32089&#8243; img_size=&#8221;Full&#8221; alignment=&#8221;center&#8221; css=&#8221;&#8221;][\/vc_column][vc_column width=&#8221;1\/2&#8243;][vc_column_text css=&#8221;&#8221;] Individual\u016bs u\u017esakymai granito gamybai Gaminame pagal u\u017esakym\u0105: plok\u0161tes, bortelius, tvoreles, g\u0117lynus, paminklus,<\/p>\n","protected":false},"author":2,"featured_media":0,"parent":0,"menu_order":0,"comment_status":"closed","ping_status":"closed","template":"","meta":{"footnotes":""},"folder":[103],"class_list":["post-32250","page","type-page","status-publish","hentry"],"_links":{"self":[{"href":"https:\/\/kapusprendimai.lt\/index.php\/wp-json\/wp\/v2\/pages\/32250","targetHints":{"allow":["GET"]}}],"collection":[{"href":"https:\/\/kapusprendimai.lt\/index.php\/wp-json\/wp\/v2\/pages"}],"about":[{"href":"https:\/\/kapusprendimai.lt\/index.php\/wp-json\/wp\/v2\/types\/page"}],"author":[{"embeddable":true,"href":"https:\/\/kapusprendimai.lt\/index.php\/wp-json\/wp\/v2\/users\/2"}],"replies":[{"embeddable":true,"href":"https:\/\/kapusprendimai.lt\/index.php\/wp-json\/wp\/v2\/comments?post=32250"}],"version-history":[{"count":2,"href":"https:\/\/kapusprendimai.lt\/index.php\/wp-json\/wp\/v2\/pages\/32250\/revisions"}],"predecessor-version":[{"id":32334,"href":"https:\/\/kapusprendimai.lt\/index.php\/wp-json\/wp\/v2\/pages\/32250\/revisions\/32334"}],"wp:attachment":[{"href":"https:\/\/kapusprendimai.lt\/index.php\/wp-json\/wp\/v2\/media?parent=32250"}],"wp:term":[{"taxonomy":"folder","embeddable":true,"href":"https:\/\/kapusprendimai.lt\/index.php\/wp-json\/wp\/v2\/folder?post=32250"}],"curies":[{"name":"wp","href":"https:\/\/api.w.org\/{rel}","templated":true}]}}