{"id":32242,"date":"2025-03-27T19:45:37","date_gmt":"2025-03-27T19:45:37","guid":{"rendered":"https:\/\/kapusprendimai.lt\/?page_id=32242"},"modified":"2025-03-28T06:21:38","modified_gmt":"2025-03-28T06:21:38","slug":"granito-plyteliu-montavimas","status":"publish","type":"page","link":"https:\/\/kapusprendimai.lt\/index.php\/granito-plyteliu-montavimas\/","title":{"rendered":"Granito plyteli\u0173 montavimas"},"content":{"rendered":"<div class=\"wpb-content-wrapper\"><p>[vc_row][vc_column width=&#8221;1\/2&#8243;][vc_single_image image=&#8221;32089&#8243; img_size=&#8221;Full&#8221; alignment=&#8221;center&#8221; css=&#8221;&#8221;][\/vc_column][vc_column width=&#8221;1\/2&#8243;][vc_column_text css=&#8221;&#8221;]<\/p>\n<h1><strong>Granito plyteli\u0173 montavimas<\/strong><\/h1>\n<p>Montuojame ma\u017eesnes granito plyteles su si\u016bli\u0173 u\u017epildymu, tinka dekoratyviems sprendimams.[\/vc_column_text][\/vc_column][\/vc_row]<\/p>\n<\/div>","protected":false},"excerpt":{"rendered":"<p>[vc_row][vc_column width=&#8221;1\/2&#8243;][vc_single_image image=&#8221;32089&#8243; img_size=&#8221;Full&#8221; alignment=&#8221;center&#8221; css=&#8221;&#8221;][\/vc_column][vc_column width=&#8221;1\/2&#8243;][vc_column_text css=&#8221;&#8221;] Granito plyteli\u0173 montavimas Montuojame ma\u017eesnes granito plyteles su si\u016bli\u0173 u\u017epildymu, tinka dekoratyviems<\/p>\n","protected":false},"author":2,"featured_media":0,"parent":0,"menu_order":0,"comment_status":"closed","ping_status":"closed","template":"","meta":{"footnotes":""},"folder":[103],"class_list":["post-32242","page","type-page","status-publish","hentry"],"_links":{"self":[{"href":"https:\/\/kapusprendimai.lt\/index.php\/wp-json\/wp\/v2\/pages\/32242","targetHints":{"allow":["GET"]}}],"collection":[{"href":"https:\/\/kapusprendimai.lt\/index.php\/wp-json\/wp\/v2\/pages"}],"about":[{"href":"https:\/\/kapusprendimai.lt\/index.php\/wp-json\/wp\/v2\/types\/page"}],"author":[{"embeddable":true,"href":"https:\/\/kapusprendimai.lt\/index.php\/wp-json\/wp\/v2\/users\/2"}],"replies":[{"embeddable":true,"href":"https:\/\/kapusprendimai.lt\/index.php\/wp-json\/wp\/v2\/comments?post=32242"}],"version-history":[{"count":2,"href":"https:\/\/kapusprendimai.lt\/index.php\/wp-json\/wp\/v2\/pages\/32242\/revisions"}],"predecessor-version":[{"id":32331,"href":"https:\/\/kapusprendimai.lt\/index.php\/wp-json\/wp\/v2\/pages\/32242\/revisions\/32331"}],"wp:attachment":[{"href":"https:\/\/kapusprendimai.lt\/index.php\/wp-json\/wp\/v2\/media?parent=32242"}],"wp:term":[{"taxonomy":"folder","embeddable":true,"href":"https:\/\/kapusprendimai.lt\/index.php\/wp-json\/wp\/v2\/folder?post=32242"}],"curies":[{"name":"wp","href":"https:\/\/api.w.org\/{rel}","templated":true}]}}