{"id":32203,"date":"2025-03-27T16:30:10","date_gmt":"2025-03-27T16:30:10","guid":{"rendered":"https:\/\/kapusprendimai.lt\/?page_id=32203"},"modified":"2025-03-28T06:20:00","modified_gmt":"2025-03-28T06:20:00","slug":"juodzemiu-smelio-uzpylimas","status":"publish","type":"page","link":"https:\/\/kapusprendimai.lt\/index.php\/juodzemiu-smelio-uzpylimas\/","title":{"rendered":"Juod\u017eemi\u0173 \/ sm\u0117lio u\u017epylimas"},"content":{"rendered":"<div class=\"wpb-content-wrapper\"><p>[vc_row][vc_column width=&#8221;1\/2&#8243;][vc_single_image image=&#8221;32089&#8243; img_size=&#8221;Full&#8221; alignment=&#8221;center&#8221; css=&#8221;&#8221;][\/vc_column][vc_column width=&#8221;1\/2&#8243;][vc_column_text css=&#8221;&#8221;]<\/p>\n<h1><strong>Juod\u017eemi\u0173 \/ sm\u0117lio u\u017epylimas <\/strong><\/h1>\n<p>Paruo\u0161iame pagrind\u0105 g\u0117lynams ar skaldai, suformuojame lyg\u0173 pavir\u0161i\u0173, atliekame grunto sulyginim\u0105.[\/vc_column_text][\/vc_column][\/vc_row]<\/p>\n<\/div>","protected":false},"excerpt":{"rendered":"<p>[vc_row][vc_column width=&#8221;1\/2&#8243;][vc_single_image image=&#8221;32089&#8243; img_size=&#8221;Full&#8221; alignment=&#8221;center&#8221; css=&#8221;&#8221;][\/vc_column][vc_column width=&#8221;1\/2&#8243;][vc_column_text css=&#8221;&#8221;] Juod\u017eemi\u0173 \/ sm\u0117lio u\u017epylimas Paruo\u0161iame pagrind\u0105 g\u0117lynams ar skaldai, suformuojame lyg\u0173 pavir\u0161i\u0173,<\/p>\n","protected":false},"author":2,"featured_media":0,"parent":0,"menu_order":0,"comment_status":"closed","ping_status":"closed","template":"","meta":{"footnotes":""},"folder":[103],"class_list":["post-32203","page","type-page","status-publish","hentry"],"_links":{"self":[{"href":"https:\/\/kapusprendimai.lt\/index.php\/wp-json\/wp\/v2\/pages\/32203","targetHints":{"allow":["GET"]}}],"collection":[{"href":"https:\/\/kapusprendimai.lt\/index.php\/wp-json\/wp\/v2\/pages"}],"about":[{"href":"https:\/\/kapusprendimai.lt\/index.php\/wp-json\/wp\/v2\/types\/page"}],"author":[{"embeddable":true,"href":"https:\/\/kapusprendimai.lt\/index.php\/wp-json\/wp\/v2\/users\/2"}],"replies":[{"embeddable":true,"href":"https:\/\/kapusprendimai.lt\/index.php\/wp-json\/wp\/v2\/comments?post=32203"}],"version-history":[{"count":3,"href":"https:\/\/kapusprendimai.lt\/index.php\/wp-json\/wp\/v2\/pages\/32203\/revisions"}],"predecessor-version":[{"id":32329,"href":"https:\/\/kapusprendimai.lt\/index.php\/wp-json\/wp\/v2\/pages\/32203\/revisions\/32329"}],"wp:attachment":[{"href":"https:\/\/kapusprendimai.lt\/index.php\/wp-json\/wp\/v2\/media?parent=32203"}],"wp:term":[{"taxonomy":"folder","embeddable":true,"href":"https:\/\/kapusprendimai.lt\/index.php\/wp-json\/wp\/v2\/folder?post=32203"}],"curies":[{"name":"wp","href":"https:\/\/api.w.org\/{rel}","templated":true}]}}