{"id":32194,"date":"2025-03-27T16:03:06","date_gmt":"2025-03-27T16:03:06","guid":{"rendered":"https:\/\/kapusprendimai.lt\/?page_id=32194"},"modified":"2025-03-28T06:12:13","modified_gmt":"2025-03-28T06:12:13","slug":"pagrindo-irengimas-ir-paruosimas","status":"publish","type":"page","link":"https:\/\/kapusprendimai.lt\/index.php\/pagrindo-irengimas-ir-paruosimas\/","title":{"rendered":"Pagrindo \u012frengimas ir paruo\u0161imas"},"content":{"rendered":"<div class=\"wpb-content-wrapper\"><p>[vc_row][vc_column width=&#8221;1\/2&#8243;][vc_single_image image=&#8221;32197&#8243; img_size=&#8221;Full&#8221; alignment=&#8221;center&#8221; css=&#8221;&#8221;][\/vc_column][vc_column width=&#8221;1\/2&#8243;][vc_column_text css=&#8221;&#8221;]<\/p>\n<h1><strong>Pagrindo \u012frengimas ir paruo\u0161imas<\/strong><\/h1>\n<ul>\n<li><a href=\"https:\/\/kapusprendimai.lt\/index.php\/pamatu-betonavimas\/\">Pamat\u0173 betonavimas<\/a><\/li>\n<li><a href=\"https:\/\/kapusprendimai.lt\/index.php\/pamatu-dekoravimas\/\">Pamat\u0173 dekoravimas<\/a><\/li>\n<li><a href=\"https:\/\/kapusprendimai.lt\/index.php\/juodzemiu-smelio-uzpylimas\/\">Juod\u017eemi\u0173 \/ sm\u0117lio u\u017epylimas<\/a><\/li>\n<\/ul>\n<p>[\/vc_column_text][\/vc_column][\/vc_row]<\/p>\n<\/div>","protected":false},"excerpt":{"rendered":"<p>[vc_row][vc_column width=&#8221;1\/2&#8243;][vc_single_image image=&#8221;32197&#8243; img_size=&#8221;Full&#8221; alignment=&#8221;center&#8221; css=&#8221;&#8221;][\/vc_column][vc_column width=&#8221;1\/2&#8243;][vc_column_text css=&#8221;&#8221;] Pagrindo \u012frengimas ir paruo\u0161imas Pamat\u0173 betonavimas Pamat\u0173 dekoravimas Juod\u017eemi\u0173 \/ sm\u0117lio u\u017epylimas<\/p>\n","protected":false},"author":2,"featured_media":0,"parent":0,"menu_order":0,"comment_status":"closed","ping_status":"closed","template":"","meta":{"footnotes":""},"folder":[103],"class_list":["post-32194","page","type-page","status-publish","hentry"],"_links":{"self":[{"href":"https:\/\/kapusprendimai.lt\/index.php\/wp-json\/wp\/v2\/pages\/32194","targetHints":{"allow":["GET"]}}],"collection":[{"href":"https:\/\/kapusprendimai.lt\/index.php\/wp-json\/wp\/v2\/pages"}],"about":[{"href":"https:\/\/kapusprendimai.lt\/index.php\/wp-json\/wp\/v2\/types\/page"}],"author":[{"embeddable":true,"href":"https:\/\/kapusprendimai.lt\/index.php\/wp-json\/wp\/v2\/users\/2"}],"replies":[{"embeddable":true,"href":"https:\/\/kapusprendimai.lt\/index.php\/wp-json\/wp\/v2\/comments?post=32194"}],"version-history":[{"count":9,"href":"https:\/\/kapusprendimai.lt\/index.php\/wp-json\/wp\/v2\/pages\/32194\/revisions"}],"predecessor-version":[{"id":32323,"href":"https:\/\/kapusprendimai.lt\/index.php\/wp-json\/wp\/v2\/pages\/32194\/revisions\/32323"}],"wp:attachment":[{"href":"https:\/\/kapusprendimai.lt\/index.php\/wp-json\/wp\/v2\/media?parent=32194"}],"wp:term":[{"taxonomy":"folder","embeddable":true,"href":"https:\/\/kapusprendimai.lt\/index.php\/wp-json\/wp\/v2\/folder?post=32194"}],"curies":[{"name":"wp","href":"https:\/\/api.w.org\/{rel}","templated":true}]}}