{"id":32188,"date":"2025-03-27T16:00:02","date_gmt":"2025-03-27T16:00:02","guid":{"rendered":"https:\/\/kapusprendimai.lt\/?page_id=32188"},"modified":"2025-03-28T06:17:09","modified_gmt":"2025-03-28T06:17:09","slug":"vizualizaciju-ruosimas","status":"publish","type":"page","link":"https:\/\/kapusprendimai.lt\/index.php\/vizualizaciju-ruosimas\/","title":{"rendered":"Vizualizacij\u0173 ruo\u0161imas"},"content":{"rendered":"<div class=\"wpb-content-wrapper\"><p>[vc_row][vc_column width=&#8221;1\/2&#8243;][vc_single_image image=&#8221;32089&#8243; img_size=&#8221;Full&#8221; alignment=&#8221;center&#8221; css=&#8221;&#8221;][\/vc_column][vc_column width=&#8221;1\/2&#8243;][vc_column_text css=&#8221;&#8221;]<\/p>\n<h1><strong>Konsultacijos d\u0117l med\u017eiag\u0173 ir dizaino <\/strong><\/h1>\n<p>Pad\u0117sime i\u0161sirinkti tinkamiausias med\u017eiagas, spalvas, formas ir dekoratyvinius elementus.[\/vc_column_text][\/vc_column][\/vc_row]<\/p>\n<\/div>","protected":false},"excerpt":{"rendered":"<p>[vc_row][vc_column width=&#8221;1\/2&#8243;][vc_single_image image=&#8221;32089&#8243; img_size=&#8221;Full&#8221; alignment=&#8221;center&#8221; css=&#8221;&#8221;][\/vc_column][vc_column width=&#8221;1\/2&#8243;][vc_column_text css=&#8221;&#8221;] Konsultacijos d\u0117l med\u017eiag\u0173 ir dizaino Pad\u0117sime i\u0161sirinkti tinkamiausias med\u017eiagas, spalvas, formas ir<\/p>\n","protected":false},"author":2,"featured_media":0,"parent":0,"menu_order":0,"comment_status":"closed","ping_status":"closed","template":"","meta":{"footnotes":""},"folder":[103],"class_list":["post-32188","page","type-page","status-publish","hentry"],"_links":{"self":[{"href":"https:\/\/kapusprendimai.lt\/index.php\/wp-json\/wp\/v2\/pages\/32188","targetHints":{"allow":["GET"]}}],"collection":[{"href":"https:\/\/kapusprendimai.lt\/index.php\/wp-json\/wp\/v2\/pages"}],"about":[{"href":"https:\/\/kapusprendimai.lt\/index.php\/wp-json\/wp\/v2\/types\/page"}],"author":[{"embeddable":true,"href":"https:\/\/kapusprendimai.lt\/index.php\/wp-json\/wp\/v2\/users\/2"}],"replies":[{"embeddable":true,"href":"https:\/\/kapusprendimai.lt\/index.php\/wp-json\/wp\/v2\/comments?post=32188"}],"version-history":[{"count":5,"href":"https:\/\/kapusprendimai.lt\/index.php\/wp-json\/wp\/v2\/pages\/32188\/revisions"}],"predecessor-version":[{"id":32326,"href":"https:\/\/kapusprendimai.lt\/index.php\/wp-json\/wp\/v2\/pages\/32188\/revisions\/32326"}],"wp:attachment":[{"href":"https:\/\/kapusprendimai.lt\/index.php\/wp-json\/wp\/v2\/media?parent=32188"}],"wp:term":[{"taxonomy":"folder","embeddable":true,"href":"https:\/\/kapusprendimai.lt\/index.php\/wp-json\/wp\/v2\/folder?post=32188"}],"curies":[{"name":"wp","href":"https:\/\/api.w.org\/{rel}","templated":true}]}}