{"id":32183,"date":"2025-03-27T15:57:49","date_gmt":"2025-03-27T15:57:49","guid":{"rendered":"https:\/\/kapusprendimai.lt\/?page_id=32183"},"modified":"2025-03-30T16:58:42","modified_gmt":"2025-03-30T16:58:42","slug":"individualus-kapavietes-projektavimas","status":"publish","type":"page","link":"https:\/\/kapusprendimai.lt\/index.php\/individualus-kapavietes-projektavimas\/","title":{"rendered":"Individualus kapaviet\u0117s projektavimas"},"content":{"rendered":"<div class=\"wpb-content-wrapper\"><p>[vc_row][vc_column width=&#8221;1\/2&#8243;][vc_single_image image=&#8221;32089&#8243; img_size=&#8221;Full&#8221; alignment=&#8221;center&#8221; css=&#8221;&#8221;][\/vc_column][vc_column width=&#8221;1\/2&#8243;][vc_column_text css=&#8221;&#8221;]<\/p>\n<h1><strong>Individualus kapaviet\u0117s projektavimas<\/strong><\/h1>\n<p>Kuriame kapaviet\u0117s projektus pagal j\u016bs\u0173 poreikius: planuojame dang\u0105, g\u0117lynus, paminkl\u0173 viet\u0105.[\/vc_column_text][\/vc_column][\/vc_row]<\/p>\n<\/div>","protected":false},"excerpt":{"rendered":"<p>[vc_row][vc_column width=&#8221;1\/2&#8243;][vc_single_image image=&#8221;32089&#8243; img_size=&#8221;Full&#8221; alignment=&#8221;center&#8221; css=&#8221;&#8221;][\/vc_column][vc_column width=&#8221;1\/2&#8243;][vc_column_text css=&#8221;&#8221;] Individualus kapaviet\u0117s projektavimas Kuriame kapaviet\u0117s projektus pagal j\u016bs\u0173 poreikius: planuojame dang\u0105, g\u0117lynus,<\/p>\n","protected":false},"author":2,"featured_media":0,"parent":0,"menu_order":0,"comment_status":"closed","ping_status":"closed","template":"","meta":{"footnotes":""},"folder":[103],"class_list":["post-32183","page","type-page","status-publish","hentry"],"_links":{"self":[{"href":"https:\/\/kapusprendimai.lt\/index.php\/wp-json\/wp\/v2\/pages\/32183","targetHints":{"allow":["GET"]}}],"collection":[{"href":"https:\/\/kapusprendimai.lt\/index.php\/wp-json\/wp\/v2\/pages"}],"about":[{"href":"https:\/\/kapusprendimai.lt\/index.php\/wp-json\/wp\/v2\/types\/page"}],"author":[{"embeddable":true,"href":"https:\/\/kapusprendimai.lt\/index.php\/wp-json\/wp\/v2\/users\/2"}],"replies":[{"embeddable":true,"href":"https:\/\/kapusprendimai.lt\/index.php\/wp-json\/wp\/v2\/comments?post=32183"}],"version-history":[{"count":3,"href":"https:\/\/kapusprendimai.lt\/index.php\/wp-json\/wp\/v2\/pages\/32183\/revisions"}],"predecessor-version":[{"id":32324,"href":"https:\/\/kapusprendimai.lt\/index.php\/wp-json\/wp\/v2\/pages\/32183\/revisions\/32324"}],"wp:attachment":[{"href":"https:\/\/kapusprendimai.lt\/index.php\/wp-json\/wp\/v2\/media?parent=32183"}],"wp:term":[{"taxonomy":"folder","embeddable":true,"href":"https:\/\/kapusprendimai.lt\/index.php\/wp-json\/wp\/v2\/folder?post=32183"}],"curies":[{"name":"wp","href":"https:\/\/api.w.org\/{rel}","templated":true}]}}