{"id":32181,"date":"2025-03-27T15:56:40","date_gmt":"2025-03-27T15:56:40","guid":{"rendered":"https:\/\/kapusprendimai.lt\/?page_id=32181"},"modified":"2025-03-28T06:11:46","modified_gmt":"2025-03-28T06:11:46","slug":"konsultacija-ir-projektavimas","status":"publish","type":"page","link":"https:\/\/kapusprendimai.lt\/index.php\/konsultacija-ir-projektavimas\/","title":{"rendered":"Konsultacija ir projektavimas"},"content":{"rendered":"<div class=\"wpb-content-wrapper\"><p>[vc_row][vc_column width=&#8221;1\/2&#8243;][vc_single_image image=&#8221;32197&#8243; img_size=&#8221;Full&#8221; alignment=&#8221;center&#8221; css=&#8221;&#8221;][\/vc_column][vc_column width=&#8221;1\/2&#8243;][vc_column_text css=&#8221;&#8221;]<\/p>\n<h1><strong>Konsultacija ir projektavimas<\/strong><\/h1>\n<ul>\n<li><a href=\"https:\/\/kapusprendimai.lt\/index.php\/individualus-kapavietes-projektavimas\/\">Individualus kapaviet\u0117s projektavimas<\/a><\/li>\n<li><a href=\"https:\/\/kapusprendimai.lt\/index.php\/konsultacijos-del-medziagu-ir-dizaino\/\">Vizualizacij\u0173 ruo\u0161imas<\/a><\/li>\n<li><a href=\"https:\/\/kapusprendimai.lt\/index.php\/vizualizaciju-ruosimas\/\">Konsultacijos d\u0117l med\u017eiag\u0173 ir dizaino<\/a><\/li>\n<\/ul>\n<p>[\/vc_column_text][\/vc_column][\/vc_row]<\/p>\n<\/div>","protected":false},"excerpt":{"rendered":"<p>[vc_row][vc_column width=&#8221;1\/2&#8243;][vc_single_image image=&#8221;32197&#8243; img_size=&#8221;Full&#8221; alignment=&#8221;center&#8221; css=&#8221;&#8221;][\/vc_column][vc_column width=&#8221;1\/2&#8243;][vc_column_text css=&#8221;&#8221;] Konsultacija ir projektavimas Individualus kapaviet\u0117s projektavimas Vizualizacij\u0173 ruo\u0161imas Konsultacijos d\u0117l med\u017eiag\u0173 ir<\/p>\n","protected":false},"author":2,"featured_media":0,"parent":0,"menu_order":0,"comment_status":"closed","ping_status":"closed","template":"","meta":{"footnotes":""},"folder":[103],"class_list":["post-32181","page","type-page","status-publish","hentry"],"_links":{"self":[{"href":"https:\/\/kapusprendimai.lt\/index.php\/wp-json\/wp\/v2\/pages\/32181","targetHints":{"allow":["GET"]}}],"collection":[{"href":"https:\/\/kapusprendimai.lt\/index.php\/wp-json\/wp\/v2\/pages"}],"about":[{"href":"https:\/\/kapusprendimai.lt\/index.php\/wp-json\/wp\/v2\/types\/page"}],"author":[{"embeddable":true,"href":"https:\/\/kapusprendimai.lt\/index.php\/wp-json\/wp\/v2\/users\/2"}],"replies":[{"embeddable":true,"href":"https:\/\/kapusprendimai.lt\/index.php\/wp-json\/wp\/v2\/comments?post=32181"}],"version-history":[{"count":11,"href":"https:\/\/kapusprendimai.lt\/index.php\/wp-json\/wp\/v2\/pages\/32181\/revisions"}],"predecessor-version":[{"id":32322,"href":"https:\/\/kapusprendimai.lt\/index.php\/wp-json\/wp\/v2\/pages\/32181\/revisions\/32322"}],"wp:attachment":[{"href":"https:\/\/kapusprendimai.lt\/index.php\/wp-json\/wp\/v2\/media?parent=32181"}],"wp:term":[{"taxonomy":"folder","embeddable":true,"href":"https:\/\/kapusprendimai.lt\/index.php\/wp-json\/wp\/v2\/folder?post=32181"}],"curies":[{"name":"wp","href":"https:\/\/api.w.org\/{rel}","templated":true}]}}