{"id":31973,"date":"2025-03-22T16:33:24","date_gmt":"2025-03-22T16:33:24","guid":{"rendered":"https:\/\/kapusprendimai.lt\/?page_id=31973"},"modified":"2026-02-23T09:54:05","modified_gmt":"2026-02-23T09:54:05","slug":"kapavieciu-tvarkymo-paslaugos","status":"publish","type":"page","link":"https:\/\/kapusprendimai.lt\/index.php\/kapavieciu-tvarkymo-paslaugos\/","title":{"rendered":"Kapavie\u010di\u0173 tvarkymo darbai"},"content":{"rendered":"<div class=\"wpb-content-wrapper\"><p>[vc_row][vc_column][vc_column_text css=&#8221;&#8221;]<\/p>\n<p style=\"text-align: center;\"><strong>\u010cia rasite pavyzd\u017eius sutvarkyt\u0173 kapavie\u010di\u0173 su trumpais apra\u0161ymais \u2013 kokie darbai buvo atlikti ir kiek tai kainavo. Visi sprendimai pritaikyti individualiai pagal klient\u0173 poreikius. Tikime, kad \u0161ie pavyzd\u017eiai pad\u0117s geriau \u012fsivaizduoti galimybes ir pasirinkti tinkam\u0105 variant\u0105.<\/strong><\/p>\n<p>[\/vc_column_text][\/vc_column][\/vc_row][vc_row][vc_column width=&#8221;1\/3&#8243;][vc_single_image image=&#8221;32630&#8243; img_size=&#8221;full&#8221; alignment=&#8221;center&#8221; css=&#8221;&#8221;][vc_column_text css=&#8221;&#8221;]<\/p>\n<p style=\"text-align: left;\"><strong>\u00a06 876 Eur<\/strong><\/p>\n<ul>\n<li>Demontavimo darbai<\/li>\n<li>Pamat\u0173 betonavimas<\/li>\n<li>Paminklui gaminamas pamatas<\/li>\n<li style=\"text-align: left;\">Pamat\u0173 apsiuvimas granitu<\/li>\n<li>Atramos betonavimas<\/li>\n<li>Granito plok\u0161t\u0117s Viscon White ir Warangal Black<\/li>\n<li>Plok\u0161\u010di\u0173 kra\u0161tini\u0173 poliravimas<\/li>\n<li>Plok\u0161\u010di\u0173 montavimas<\/li>\n<li>Intarp\u0117liai<\/li>\n<li>Trinkeli\u0173 klojimas<\/li>\n<\/ul>\n<p>[\/vc_column_text][\/vc_column][vc_column width=&#8221;1\/3&#8243;][vc_single_image image=&#8221;32632&#8243; img_size=&#8221;full&#8221; alignment=&#8221;center&#8221; css=&#8221;&#8221;][vc_column_text css=&#8221;&#8221;]<strong>\u00a06 230 Eur<\/strong><\/p>\n<ul>\n<li>Demontavimo darbai<\/li>\n<li>Granito plok\u0161t\u0117s G-603 ir Warangal Black<\/li>\n<li>Plok\u0161\u010di\u0173 kra\u0161tini\u0173 poliravimas<\/li>\n<li>Atramos betonavimas<\/li>\n<li>Plok\u0161\u010di\u0173 montavimas \u012fleid\u017eiant vidurin\u0119 plok\u0161t\u0119 \u012f apa\u010di\u0105<\/li>\n<li>Naujo paminklo montavimas<\/li>\n<\/ul>\n<p>[\/vc_column_text][\/vc_column][vc_column width=&#8221;1\/3&#8243;][vc_single_image image=&#8221;32633&#8243; img_size=&#8221;full&#8221; alignment=&#8221;center&#8221; css=&#8221;&#8221;][vc_column_text css=&#8221;&#8221;]<strong>\u00a04 700 Eur<\/strong><\/p>\n<ul>\n<li>Pamat\u0173 betonavimas<\/li>\n<li>Naujas paminklas ir jo montavimas<\/li>\n<li>Raid\u017ei\u0173 kalimas<\/li>\n<li>Granito plok\u0161t\u0117s Viscon White ir Warangal Black<\/li>\n<li>Plok\u0161\u010di\u0173 kra\u0161tini\u0173 poliravimas<\/li>\n<li>Plok\u0161\u010di\u0173 montavimas<\/li>\n<li>Puo\u0161imo elementai<\/li>\n<li>Trinkeli\u0173 klojimas<\/li>\n<\/ul>\n<p>[\/vc_column_text][\/vc_column][\/vc_row][vc_row][vc_column width=&#8221;1\/3&#8243;][vc_single_image image=&#8221;32635&#8243; img_size=&#8221;full&#8221; alignment=&#8221;center&#8221; css=&#8221;&#8221;][vc_column_text css=&#8221;&#8221;]<strong>\u00a01 576 Eur<\/strong><\/p>\n<ul>\n<li>Pamat\u0173 betonavimas<\/li>\n<li>Viscon White ir Steel Grey granito d\u0117\u017eut\u0117<\/li>\n<li>Plok\u0161\u010di\u0173 kra\u0161tini\u0173 poliravimas<\/li>\n<li>Montavimas<\/li>\n<\/ul>\n<p>[\/vc_column_text][\/vc_column][vc_column width=&#8221;1\/3&#8243;][vc_single_image image=&#8221;32637&#8243; img_size=&#8221;full&#8221; alignment=&#8221;center&#8221; css=&#8221;&#8221;][vc_column_text css=&#8221;&#8221;]<strong>\u00a04 852 Eur<\/strong><\/p>\n<ul>\n<li>Demontavimo darbai<\/li>\n<li>Kapaviet\u0117s vidurio betonavimas<\/li>\n<li>Paminklo montavimas<\/li>\n<li>Tvorel\u0117s kampai<\/li>\n<li>Granito plok\u0161t\u0117s Steel Grey ir Warangal Black<\/li>\n<li>Plok\u0161\u010di\u0173 kra\u0161tini\u0173 poliravimas<\/li>\n<li>Plok\u0161t\u0117s rankinis pjovimas<\/li>\n<li>Intarp\u0117liai<\/li>\n<li>Vaza<\/li>\n<li>Trinkeli\u0173 klojimas<\/li>\n<\/ul>\n<p>[\/vc_column_text][\/vc_column][vc_column width=&#8221;1\/3&#8243;][vc_single_image image=&#8221;32655&#8243; img_size=&#8221;full&#8221; alignment=&#8221;center&#8221; css=&#8221;&#8221;][vc_column_text css=&#8221;&#8221;]<strong>\u00a02 300 Eur<\/strong><\/p>\n<ul>\n<li>Tvorel\u0117s montavimas<\/li>\n<li>Granito plok\u0161t\u0117s Wave White<\/li>\n<li>Plok\u0161\u010di\u0173 kra\u0161tini\u0173 poliravimas<\/li>\n<li>Plok\u0161\u010di\u0173 montavimas<\/li>\n<li>Atramos betonavimas<\/li>\n<li>Vaza<\/li>\n<\/ul>\n<p>[\/vc_column_text][\/vc_column][\/vc_row][vc_row][vc_column width=&#8221;1\/3&#8243;][vc_single_image image=&#8221;33040&#8243; img_size=&#8221;full&#8221; alignment=&#8221;center&#8221; css=&#8221;&#8221;][vc_column_text css=&#8221;&#8221;]<strong>\u00a01 760 Eur<\/strong><\/p>\n<ul>\n<li>Demontavimo darbai<\/li>\n<li>Atminimo lentel\u0117<\/li>\n<li>Raid\u017ei\u0173 kalimas bei da\u017eymas<\/li>\n<li>Wave White d\u0117\u017eut\u0117<\/li>\n<li>Montavimas<\/li>\n<li>Trinkeli\u0173 klojimas<\/li>\n<\/ul>\n<p>[\/vc_column_text][\/vc_column][vc_column width=&#8221;1\/3&#8243;][vc_single_image image=&#8221;33049&#8243; img_size=&#8221;full&#8221; alignment=&#8221;center&#8221; css=&#8221;&#8221;][vc_column_text css=&#8221;&#8221;]<strong>\u00a04 000 Eur<\/strong><\/p>\n<ul>\n<li>Pamat\u0173 betonavimas<\/li>\n<li>Granito tvorel\u0117s pjovimas i\u0161 plok\u0161t\u0117s Aurora<\/li>\n<li>Naujo paminklo gamyba bei montavimas<\/li>\n<li>Trinkeli\u0173 klojimas<\/li>\n<li>Kapaviet\u0117s u\u017epylimas Black Pearl skalda<\/li>\n<li>Puo\u0161ybos elementai<\/li>\n<\/ul>\n<p>[\/vc_column_text][\/vc_column][vc_column width=&#8221;1\/3&#8243;][vc_single_image image=&#8221;33236&#8243; img_size=&#8221;full&#8221; alignment=&#8221;center&#8221; css=&#8221;&#8221;][vc_column_text css=&#8221;&#8221;]<strong>\u00a01 700 Eur<\/strong><\/p>\n<ul>\n<li>Granito d\u0117\u017eut\u0117s gamyba ir montavimas<\/li>\n<li>Atminimo lentel\u0117s gamyba ir montavimas<\/li>\n<li>Raid\u017ei\u0173 kalimas<\/li>\n<li>Granito plok\u0161\u010di\u0173 montavimas aplink kapaviet\u0119<\/li>\n<\/ul>\n<p>[\/vc_column_text][\/vc_column][\/vc_row][vc_row][vc_column][\/vc_column][vc_column][\/vc_column][\/vc_row]<\/p>\n<\/div>","protected":false},"excerpt":{"rendered":"<p>[vc_row][vc_column][vc_column_text css=&#8221;&#8221;] \u010cia rasite pavyzd\u017eius sutvarkyt\u0173 kapavie\u010di\u0173 su trumpais apra\u0161ymais \u2013 kokie darbai buvo atlikti ir kiek tai kainavo. Visi<\/p>\n","protected":false},"author":2,"featured_media":0,"parent":0,"menu_order":0,"comment_status":"closed","ping_status":"closed","template":"","meta":{"footnotes":""},"folder":[],"class_list":["post-31973","page","type-page","status-publish","hentry"],"_links":{"self":[{"href":"https:\/\/kapusprendimai.lt\/index.php\/wp-json\/wp\/v2\/pages\/31973","targetHints":{"allow":["GET"]}}],"collection":[{"href":"https:\/\/kapusprendimai.lt\/index.php\/wp-json\/wp\/v2\/pages"}],"about":[{"href":"https:\/\/kapusprendimai.lt\/index.php\/wp-json\/wp\/v2\/types\/page"}],"author":[{"embeddable":true,"href":"https:\/\/kapusprendimai.lt\/index.php\/wp-json\/wp\/v2\/users\/2"}],"replies":[{"embeddable":true,"href":"https:\/\/kapusprendimai.lt\/index.php\/wp-json\/wp\/v2\/comments?post=31973"}],"version-history":[{"count":45,"href":"https:\/\/kapusprendimai.lt\/index.php\/wp-json\/wp\/v2\/pages\/31973\/revisions"}],"predecessor-version":[{"id":33362,"href":"https:\/\/kapusprendimai.lt\/index.php\/wp-json\/wp\/v2\/pages\/31973\/revisions\/33362"}],"wp:attachment":[{"href":"https:\/\/kapusprendimai.lt\/index.php\/wp-json\/wp\/v2\/media?parent=31973"}],"wp:term":[{"taxonomy":"folder","embeddable":true,"href":"https:\/\/kapusprendimai.lt\/index.php\/wp-json\/wp\/v2\/folder?post=31973"}],"curies":[{"name":"wp","href":"https:\/\/api.w.org\/{rel}","templated":true}]}}