{"id":31968,"date":"2025-03-22T16:18:33","date_gmt":"2025-03-22T16:18:33","guid":{"rendered":"https:\/\/kapusprendimai.lt\/?page_id=31968"},"modified":"2026-02-23T11:37:20","modified_gmt":"2026-02-23T11:37:20","slug":"pateikti-uzklausa","status":"publish","type":"page","link":"https:\/\/kapusprendimai.lt\/index.php\/pateikti-uzklausa\/","title":{"rendered":"Pateikti u\u017eklaus\u0105"},"content":{"rendered":"<div class=\"wpb-content-wrapper\"><p>[vc_row][vc_column][vc_column_text css=&#8221;&#8221;]<\/p>\n<h3 data-pm-slice=\"1 1 []\"><strong>Ie\u0161kote tinkamo sprendimo kapavietei \u012frengti ar atnaujinti?<\/strong><\/h3>\n<p class=\"\" data-start=\"218\" data-end=\"433\">Si\u016blome visapusi\u0161k\u0105 kapavie\u010di\u0173 \u012frengimo ir tvarkymo paslaug\u0173 spektr\u0105 \u2013 nuo pamat\u0173 betonavimo, trinkeli\u0173 klojimo iki paminkl\u0173 bei plok\u0161\u010di\u0173 montavimo. U\u017etikriname kokyb\u0119, tvark\u0105 ir ilgaam\u017ei\u0161kum\u0105 kiekviename \u017eingsnyje. Dirbame pagal individualius pageidavimus ir si\u016blome sprendimus nuo A iki Z.<\/p>\n<p class=\"\" data-start=\"651\" data-end=\"717\"><strong data-start=\"651\" data-end=\"673\">Pateikite u\u017eklaus\u0105<\/strong> \u2013 susisieksime su Jums geriausiu pasi\u016blymu!<\/p>\n<p>[\/vc_column_text]\n<div class=\"wpcf7 no-js\" id=\"wpcf7-f178-o1\" lang=\"en-US\" dir=\"ltr\" data-wpcf7-id=\"178\">\n<div class=\"screen-reader-response\"><p role=\"status\" aria-live=\"polite\" aria-atomic=\"true\"><\/p> <ul><\/ul><\/div>\n<form action=\"\/index.php\/wp-json\/wp\/v2\/pages\/31968#wpcf7-f178-o1\" method=\"post\" class=\"wpcf7-form init\" aria-label=\"Contact form\" novalidate=\"novalidate\" data-status=\"init\">\n<div style=\"display: none;\">\n<input type=\"hidden\" name=\"_wpcf7\" value=\"178\" \/>\n<input type=\"hidden\" name=\"_wpcf7_version\" value=\"6.0.5\" \/>\n<input type=\"hidden\" name=\"_wpcf7_locale\" value=\"en_US\" \/>\n<input type=\"hidden\" name=\"_wpcf7_unit_tag\" value=\"wpcf7-f178-o1\" \/>\n<input type=\"hidden\" name=\"_wpcf7_container_post\" value=\"0\" \/>\n<input type=\"hidden\" name=\"_wpcf7_posted_data_hash\" value=\"\" \/>\n<\/div>\n<div class=\"row\">\n\t<div class=\"col-md-6\">\n\t\t<p><label>Vardas (*)<\/label><span class=\"wpcf7-form-control-wrap\" data-name=\"your-name\"><input size=\"40\" maxlength=\"400\" class=\"wpcf7-form-control wpcf7-text wpcf7-validates-as-required\" aria-required=\"true\" aria-invalid=\"false\" value=\"\" type=\"text\" name=\"your-name\" \/><\/span>\n\t\t<\/p>\n\t<\/div>\n\t<div class=\"col-md-6\">\n\t\t<p><label>Telefono numeris (*)<\/label><span class=\"wpcf7-form-control-wrap\" data-name=\"tel-624\"><input size=\"40\" maxlength=\"400\" class=\"wpcf7-form-control wpcf7-tel wpcf7-validates-as-required wpcf7-text wpcf7-validates-as-tel\" aria-required=\"true\" aria-invalid=\"false\" value=\"\" type=\"tel\" name=\"tel-624\" \/><\/span>\n\t\t<\/p>\n\t<\/div>\n<\/div>\n<div class=\"row\">\n\t<div class=\"col-md-6\">\n\t\t<p><label>El. pa\u0161tas<\/label><span class=\"wpcf7-form-control-wrap\" data-name=\"email-518\"><input size=\"40\" maxlength=\"400\" class=\"wpcf7-form-control wpcf7-email wpcf7-text wpcf7-validates-as-email\" aria-invalid=\"false\" value=\"\" type=\"email\" name=\"email-518\" \/><\/span>\n\t\t<\/p>\n\t<\/div>\n\t<div class=\"col-md-6\">\n\t\t<p><label>Miestas <\/label><span class=\"wpcf7-form-control-wrap\" data-name=\"text-194\"><input size=\"40\" maxlength=\"400\" class=\"wpcf7-form-control wpcf7-text\" aria-invalid=\"false\" value=\"\" type=\"text\" name=\"text-194\" \/><\/span>\n\t\t<\/p>\n\t<\/div>\n<\/div>\n<p><label for=\"privalomas_laukas\">* \u0160is laukas yra privalomas<\/label>\n<\/p>\n<p><label>Kas jus domina? (paslauga, gaminys, klausimas)<\/label><span class=\"wpcf7-form-control-wrap\" data-name=\"your-message\"><textarea cols=\"40\" rows=\"10\" maxlength=\"2000\" class=\"wpcf7-form-control wpcf7-textarea\" aria-invalid=\"false\" name=\"your-message\"><\/textarea><\/span>\n<\/p>\n<p><label>Papildoma informacija<\/label><span class=\"wpcf7-form-control-wrap\" data-name=\"text-93112\"><input size=\"40\" maxlength=\"400\" class=\"wpcf7-form-control wpcf7-text\" aria-invalid=\"false\" value=\"\" type=\"text\" name=\"text-93112\" \/><\/span>\n<\/p>\n<p><input class=\"wpcf7-form-control wpcf7-submit has-spinner btn btn-color-primary\" type=\"submit\" value=\"Si\u0173sti \u017einut\u0119\" \/>\n<\/p>\n<p style=\"font-size: 13px; color: #666; margin-top: 8px;\"><br \/>\nSu Jumis susisieksime artimiausiu metu.\n<\/p><div class=\"wpcf7-response-output\" aria-hidden=\"true\"><\/div>\n<\/form>\n<\/div>\n[\/vc_column][\/vc_row]<\/p>\n<\/div>","protected":false},"excerpt":{"rendered":"<p>[vc_row][vc_column][vc_column_text css=&#8221;&#8221;] Ie\u0161kote tinkamo sprendimo kapavietei \u012frengti ar atnaujinti? Si\u016blome visapusi\u0161k\u0105 kapavie\u010di\u0173 \u012frengimo ir tvarkymo paslaug\u0173 spektr\u0105 \u2013 nuo pamat\u0173<\/p>\n","protected":false},"author":2,"featured_media":0,"parent":0,"menu_order":0,"comment_status":"closed","ping_status":"closed","template":"","meta":{"footnotes":""},"folder":[],"class_list":["post-31968","page","type-page","status-publish","hentry"],"_links":{"self":[{"href":"https:\/\/kapusprendimai.lt\/index.php\/wp-json\/wp\/v2\/pages\/31968","targetHints":{"allow":["GET"]}}],"collection":[{"href":"https:\/\/kapusprendimai.lt\/index.php\/wp-json\/wp\/v2\/pages"}],"about":[{"href":"https:\/\/kapusprendimai.lt\/index.php\/wp-json\/wp\/v2\/types\/page"}],"author":[{"embeddable":true,"href":"https:\/\/kapusprendimai.lt\/index.php\/wp-json\/wp\/v2\/users\/2"}],"replies":[{"embeddable":true,"href":"https:\/\/kapusprendimai.lt\/index.php\/wp-json\/wp\/v2\/comments?post=31968"}],"version-history":[{"count":8,"href":"https:\/\/kapusprendimai.lt\/index.php\/wp-json\/wp\/v2\/pages\/31968\/revisions"}],"predecessor-version":[{"id":32997,"href":"https:\/\/kapusprendimai.lt\/index.php\/wp-json\/wp\/v2\/pages\/31968\/revisions\/32997"}],"wp:attachment":[{"href":"https:\/\/kapusprendimai.lt\/index.php\/wp-json\/wp\/v2\/media?parent=31968"}],"wp:term":[{"taxonomy":"folder","embeddable":true,"href":"https:\/\/kapusprendimai.lt\/index.php\/wp-json\/wp\/v2\/folder?post=31968"}],"curies":[{"name":"wp","href":"https:\/\/api.w.org\/{rel}","templated":true}]}}